{"id":988,"date":"2023-02-02T08:58:04","date_gmt":"2023-02-02T08:58:04","guid":{"rendered":"https:\/\/dr-kaja.pl\/?page_id=988"},"modified":"2026-03-09T13:39:52","modified_gmt":"2026-03-09T13:39:52","slug":"aktualnosci-2","status":"publish","type":"page","link":"https:\/\/dr-kaja.pl\/?page_id=988","title":{"rendered":"Media spo\u0142eczno\u015bciowe"},"content":{"rendered":"\n<figure class=\"wp-block-image size-large is-resized\"><a href=\"https:\/\/dr-kaja.pl\/wp-content\/uploads\/2023\/03\/IMG_20230312_152315_698.jpg\"><img loading=\"lazy\" decoding=\"async\" width=\"1024\" height=\"844\" src=\"https:\/\/dr-kaja.pl\/wp-content\/uploads\/2023\/03\/IMG_20230312_152315_698-1024x844.jpg\" alt=\"\" class=\"wp-image-1012\" style=\"aspect-ratio:1.2133045748666136;width:501px;height:auto\" srcset=\"https:\/\/dr-kaja.pl\/wp-content\/uploads\/2023\/03\/IMG_20230312_152315_698-1024x844.jpg 1024w, https:\/\/dr-kaja.pl\/wp-content\/uploads\/2023\/03\/IMG_20230312_152315_698-300x247.jpg 300w, https:\/\/dr-kaja.pl\/wp-content\/uploads\/2023\/03\/IMG_20230312_152315_698-768x633.jpg 768w, https:\/\/dr-kaja.pl\/wp-content\/uploads\/2023\/03\/IMG_20230312_152315_698-73x60.jpg 73w, https:\/\/dr-kaja.pl\/wp-content\/uploads\/2023\/03\/IMG_20230312_152315_698.jpg 1080w\" sizes=\"auto, (max-width: 1024px) 100vw, 1024px\" \/><\/a><figcaption class=\"wp-element-caption\"><strong>Zapraszam Pa\u0144stwa na<\/strong>:<br> <br><strong>Fb<\/strong>: <a rel=\"noreferrer noopener\" href=\"https:\/\/www.facebook.com\/profile.php?id=100090996461590\" target=\"_blank\">https:\/\/www.facebook.com\/profile.php?id=100090996461590<\/a> <br><br><strong>Instagram:<\/strong> <a rel=\"noreferrer noopener\" href=\"https:\/\/www.instagram.com\/drkaja.pl\/\" target=\"_blank\">https:\/\/instagram.com\/drkaja.pl?igshid=MzNlNGNkZWQ4Mg==<\/a><\/figcaption><\/figure>\n\n\n\n<p><strong>YouTube:<\/strong> <a href=\"https:\/\/www.youtube.com\/@dr-kaja\" target=\"_blank\" rel=\"noreferrer noopener\">https:\/\/www.youtube.com\/@dr-kaja<\/a><\/p>\n\n\n\n<p>Dzi\u0119ki mediom spo\u0142eczno\u015bciowym<\/p>\n\n\n\n<ul class=\"wp-block-list\">\n<li>mo\u017cecie na bie\u017c\u0105co uczestniczy\u0107 w tworzeniu tre\u015bci poprzez zadawanie pyta\u0144<\/li>\n\n\n\n<li>przeczytacie o zabiegach stomatologicznych, procedurach stomatologicznych, wskaz\u00f3wkach co do higieny jamy ustnej doros\u0142ych i dzieci<\/li>\n\n\n\n<li>poznacie zakres mojej pracy oraz podstawowe idee, kt\u00f3re mi w niej przy\u015bwiecaj\u0105<\/li>\n\n\n\n<li>w \u0142atwy spos\u00f3b skomunikujecie si\u0119 ze mn\u0105<\/li>\n\n\n\n<li>b\u0119dziecie mogli \u015bledzi\u0107 aktualno\u015bci z mojego \u017cycia zawodowego<\/li>\n<\/ul>\n\n\n\n<p><\/p>\n\n\n\n<p><\/p>\n","protected":false},"excerpt":{"rendered":"<p>YouTube: https:\/\/www.youtube.com\/@dr-kaja Dzi\u0119ki mediom spo\u0142eczno\u015bciowym<\/p>\n","protected":false},"author":1,"featured_media":0,"parent":0,"menu_order":0,"comment_status":"closed","ping_status":"closed","template":"","meta":{"footnotes":""},"class_list":["post-988","page","type-page","status-publish","hentry"],"_links":{"self":[{"href":"https:\/\/dr-kaja.pl\/index.php?rest_route=\/wp\/v2\/pages\/988","targetHints":{"allow":["GET"]}}],"collection":[{"href":"https:\/\/dr-kaja.pl\/index.php?rest_route=\/wp\/v2\/pages"}],"about":[{"href":"https:\/\/dr-kaja.pl\/index.php?rest_route=\/wp\/v2\/types\/page"}],"author":[{"embeddable":true,"href":"https:\/\/dr-kaja.pl\/index.php?rest_route=\/wp\/v2\/users\/1"}],"replies":[{"embeddable":true,"href":"https:\/\/dr-kaja.pl\/index.php?rest_route=%2Fwp%2Fv2%2Fcomments&post=988"}],"version-history":[{"count":10,"href":"https:\/\/dr-kaja.pl\/index.php?rest_route=\/wp\/v2\/pages\/988\/revisions"}],"predecessor-version":[{"id":1171,"href":"https:\/\/dr-kaja.pl\/index.php?rest_route=\/wp\/v2\/pages\/988\/revisions\/1171"}],"wp:attachment":[{"href":"https:\/\/dr-kaja.pl\/index.php?rest_route=%2Fwp%2Fv2%2Fmedia&parent=988"}],"curies":[{"name":"wp","href":"https:\/\/api.w.org\/{rel}","templated":true}]}}