{"id":921,"date":"2022-07-16T20:22:00","date_gmt":"2022-07-16T20:22:00","guid":{"rendered":"https:\/\/dr-kaja.pl\/?page_id=921"},"modified":"2022-07-16T20:24:14","modified_gmt":"2022-07-16T20:24:14","slug":"health-golisano-lidership-award-2016","status":"publish","type":"page","link":"https:\/\/dr-kaja.pl\/?page_id=921","title":{"rendered":"HEALTH GOLISANO LIDERSHIP AWARD\u00a02016"},"content":{"rendered":"\n<p>O wyr\u00f3\u017cnieniu mo\u017cna przeczyta\u0107 m.in. tu: <a href=\"http:\/\/www.olimpiadyspecjalne.pl\/kim-jestesmy\/aktualnosci\/4628\/nagroda-golisano-health-leadership-2016-przyznana\">http:\/\/www.olimpiadyspecjalne.pl\/kim-jestesmy\/aktualnosci\/4628\/nagroda-golisano-health-leadership-2016-przyznana<\/a><br>i tu: <a href=\"http:\/\/www.infodent24.pl\/lifedentpost\/dr-kaja-wichrowska-rymarek-z-nagroda-golisano-health-leadership-2016,106186.html\">http:\/\/www.infodent24.pl\/lifedentpost\/dr-kaja-wichrowska-rymarek-z-nagroda-golisano-health-leadership-2016,106186.html<\/a><\/p>\n\n\n\n<div class=\"wp-block-group is-nowrap is-layout-flex wp-container-core-group-is-layout-e3e06330 wp-block-group-is-layout-flex\">\n<div class=\"wp-block-columns is-layout-flex wp-container-core-columns-is-layout-9d6595d7 wp-block-columns-is-layout-flex\">\n<div class=\"wp-block-column is-layout-flow wp-block-column-is-layout-flow\" style=\"flex-basis:100%\">\n<figure class=\"wp-block-image size-full is-resized\"><a href=\"https:\/\/dr-kaja.pl\/wp-content\/uploads\/2022\/07\/21687448_10203623577066828_4246146545506749352_n.jpg\"><img loading=\"lazy\" decoding=\"async\" src=\"https:\/\/dr-kaja.pl\/wp-content\/uploads\/2022\/07\/21687448_10203623577066828_4246146545506749352_n.jpg\" alt=\"\" class=\"wp-image-916\" width=\"360\" height=\"480\" srcset=\"https:\/\/dr-kaja.pl\/wp-content\/uploads\/2022\/07\/21687448_10203623577066828_4246146545506749352_n.jpg 720w, https:\/\/dr-kaja.pl\/wp-content\/uploads\/2022\/07\/21687448_10203623577066828_4246146545506749352_n-225x300.jpg 225w, https:\/\/dr-kaja.pl\/wp-content\/uploads\/2022\/07\/21687448_10203623577066828_4246146545506749352_n-45x60.jpg 45w\" sizes=\"auto, (max-width: 360px) 100vw, 360px\" \/><\/a><\/figure>\n<\/div>\n<\/div>\n\n\n\n<figure class=\"wp-block-image size-full is-resized\"><a href=\"https:\/\/dr-kaja.pl\/wp-content\/uploads\/2022\/07\/21686382_10203623577266833_8339446538695871008_n.jpg\"><img loading=\"lazy\" decoding=\"async\" src=\"https:\/\/dr-kaja.pl\/wp-content\/uploads\/2022\/07\/21686382_10203623577266833_8339446538695871008_n.jpg\" alt=\"\" class=\"wp-image-915\" width=\"360\" height=\"480\"\/><\/a><\/figure>\n<\/div>\n\n\n\n<figure class=\"wp-block-image size-full is-resized\"><a href=\"https:\/\/dr-kaja.pl\/wp-content\/uploads\/2014\/02\/15095078_1364592986884709_4005576211691023287_n.png\"><img loading=\"lazy\" decoding=\"async\" src=\"https:\/\/dr-kaja.pl\/wp-content\/uploads\/2014\/02\/15095078_1364592986884709_4005576211691023287_n.png\" alt=\"\" class=\"wp-image-526\" width=\"720\" height=\"509\" srcset=\"https:\/\/dr-kaja.pl\/wp-content\/uploads\/2014\/02\/15095078_1364592986884709_4005576211691023287_n.png 960w, https:\/\/dr-kaja.pl\/wp-content\/uploads\/2014\/02\/15095078_1364592986884709_4005576211691023287_n-300x212.png 300w, https:\/\/dr-kaja.pl\/wp-content\/uploads\/2014\/02\/15095078_1364592986884709_4005576211691023287_n-768x542.png 768w, https:\/\/dr-kaja.pl\/wp-content\/uploads\/2014\/02\/15095078_1364592986884709_4005576211691023287_n-624x441.png 624w\" sizes=\"auto, (max-width: 720px) 100vw, 720px\" \/><\/a><\/figure>\n","protected":false},"excerpt":{"rendered":"<p>O wyr\u00f3\u017cnieniu mo\u017cna przeczyta\u0107 m.in. tu: http:\/\/www.olimpiadyspecjalne.pl\/kim-jestesmy\/aktualnosci\/4628\/nagroda-golisano-health-leadership-2016-przyznanai tu: http:\/\/www.infodent24.pl\/lifedentpost\/dr-kaja-wichrowska-rymarek-z-nagroda-golisano-health-leadership-2016,106186.html<\/p>\n","protected":false},"author":1,"featured_media":0,"parent":0,"menu_order":0,"comment_status":"closed","ping_status":"closed","template":"","meta":{"footnotes":""},"class_list":["post-921","page","type-page","status-publish","hentry"],"_links":{"self":[{"href":"https:\/\/dr-kaja.pl\/index.php?rest_route=\/wp\/v2\/pages\/921","targetHints":{"allow":["GET"]}}],"collection":[{"href":"https:\/\/dr-kaja.pl\/index.php?rest_route=\/wp\/v2\/pages"}],"about":[{"href":"https:\/\/dr-kaja.pl\/index.php?rest_route=\/wp\/v2\/types\/page"}],"author":[{"embeddable":true,"href":"https:\/\/dr-kaja.pl\/index.php?rest_route=\/wp\/v2\/users\/1"}],"replies":[{"embeddable":true,"href":"https:\/\/dr-kaja.pl\/index.php?rest_route=%2Fwp%2Fv2%2Fcomments&post=921"}],"version-history":[{"count":2,"href":"https:\/\/dr-kaja.pl\/index.php?rest_route=\/wp\/v2\/pages\/921\/revisions"}],"predecessor-version":[{"id":924,"href":"https:\/\/dr-kaja.pl\/index.php?rest_route=\/wp\/v2\/pages\/921\/revisions\/924"}],"wp:attachment":[{"href":"https:\/\/dr-kaja.pl\/index.php?rest_route=%2Fwp%2Fv2%2Fmedia&parent=921"}],"curies":[{"name":"wp","href":"https:\/\/api.w.org\/{rel}","templated":true}]}}