{"id":902,"date":"2022-07-16T19:44:30","date_gmt":"2022-07-16T19:44:30","guid":{"rendered":"https:\/\/dr-kaja.pl\/?page_id=902"},"modified":"2024-01-21T16:21:55","modified_gmt":"2024-01-21T16:21:55","slug":"gdzie-pracuje","status":"publish","type":"page","link":"https:\/\/dr-kaja.pl\/?page_id=902","title":{"rendered":"Gdzie pracuj\u0119"},"content":{"rendered":"\n<ol class=\"wp-block-list\">\n<li>Uniwersytet Medyczny w \u0141odzi, Zak\u0142ad Stomatologii Og\u00f3lnej (<a href=\"https:\/\/umed.pl\/\" target=\"_blank\" rel=\"noreferrer noopener\">https:\/\/umed.pl\/<\/a>) &#8211; wi\u0119cej w zak\u0142adce UNIWERSYTET MEDYCZNY<\/li>\n\n\n\n<li>CSK SPZOZ Centralny Szpital Kliniczny Uniwersytetu Medycznego w \u0141odzi (<a rel=\"noreferrer noopener\" href=\"http:\/\/www.csk.umed.pl\/\" target=\"_blank\">http:\/\/www.csk.umed.pl\/<\/a>)<\/li>\n\n\n\n<li>Centrum Stomatologiczne M\u00f3j Dentysta Edyta Bernatek<\/li>\n<\/ol>\n","protected":false},"excerpt":{"rendered":"","protected":false},"author":1,"featured_media":0,"parent":0,"menu_order":0,"comment_status":"closed","ping_status":"closed","template":"","meta":{"footnotes":""},"class_list":["post-902","page","type-page","status-publish","hentry"],"_links":{"self":[{"href":"https:\/\/dr-kaja.pl\/index.php?rest_route=\/wp\/v2\/pages\/902","targetHints":{"allow":["GET"]}}],"collection":[{"href":"https:\/\/dr-kaja.pl\/index.php?rest_route=\/wp\/v2\/pages"}],"about":[{"href":"https:\/\/dr-kaja.pl\/index.php?rest_route=\/wp\/v2\/types\/page"}],"author":[{"embeddable":true,"href":"https:\/\/dr-kaja.pl\/index.php?rest_route=\/wp\/v2\/users\/1"}],"replies":[{"embeddable":true,"href":"https:\/\/dr-kaja.pl\/index.php?rest_route=%2Fwp%2Fv2%2Fcomments&post=902"}],"version-history":[{"count":5,"href":"https:\/\/dr-kaja.pl\/index.php?rest_route=\/wp\/v2\/pages\/902\/revisions"}],"predecessor-version":[{"id":1052,"href":"https:\/\/dr-kaja.pl\/index.php?rest_route=\/wp\/v2\/pages\/902\/revisions\/1052"}],"wp:attachment":[{"href":"https:\/\/dr-kaja.pl\/index.php?rest_route=%2Fwp%2Fv2%2Fmedia&parent=902"}],"curies":[{"name":"wp","href":"https:\/\/api.w.org\/{rel}","templated":true}]}}