{"id":822,"date":"2022-02-23T11:03:17","date_gmt":"2022-02-23T11:03:17","guid":{"rendered":"http:\/\/dr-kaja.pl\/?page_id=822"},"modified":"2026-03-09T13:42:15","modified_gmt":"2026-03-09T13:42:15","slug":"mama13tek","status":"publish","type":"page","link":"https:\/\/dr-kaja.pl\/?page_id=822","title":{"rendered":"Mama13tek"},"content":{"rendered":"\n<p>Jestem mam\u0105 dw\u00f3jki dzieci, obydwoje urodzeni w \u015brod\u0119 13-go \ud83d\ude42 <br>St\u0105d nazwa grupy &#8211; <a href=\"https:\/\/www.facebook.com\/groups\/mama13tek\/\">Mama13tek (pomys\u0142y na nauk\u0119 i kreatywn\u0105 zabaw\u0119 z dzie\u0107mi)<\/a>, kt\u00f3r\u0105 za\u0142o\u017cy\u0142am na Facebooku (pisana z b\u0142\u0119dem, dla zwr\u00f3cenia uwagi ;)) <br>Jest ona miejscem wymiany informacji oraz przestrzeni\u0105 do dzielenia si\u0119 z Wami pomys\u0142ami na nasze codzienne zabawy oraz wczesn\u0105 edukacj\u0119. W grupie znajdziecie te\u017c sporo post\u00f3w \u0142\u0105cz\u0105cych moj\u0105 pasj\u0119 do stomatologii, w kt\u00f3rych m.in edukuje jak dba\u0107 o zdrowie z\u0119b\u00f3w dzieci, czy jakie powinno by\u0107 post\u0119powanie w przypadku urazu z\u0119b\u00f3w. Gdy dzieci chodzi\u0142y do przedszkola, odwiedza\u0142am plac\u00f3wk\u0119 ze spotkaniami edukacyjnymi, kt\u00f3rych opisy r\u00f3wnie\u017c znajdziecie w grupie. <br>Na fali naszego zainteresowania eksperymentami chemicznymi i fizycznymi, z okazji 5-lecia istnienia grupy Mama13tek stworzy\u0142am dla Was e-book, kt\u00f3ry mo\u017cecie pobra\u0107 w osobnej zak\u0142adce, pod tym adresem: <a href=\"https:\/\/dr-kaja.pl\/?sdm_downloads=1156\">https:\/\/dr-kaja.pl\/?sdm_downloads=1156<\/a> <br>E-book ten jest \u0142\u0105cznikiem z grup\u0105, dlatego ju\u017c teraz zach\u0119cam do do\u0142\u0105czenia. <br>Dobrej zabawy!<\/p>\n\n\n\n<div class=\"wp-block-media-text is-stacked-on-mobile\"><figure class=\"wp-block-media-text__media\"><img loading=\"lazy\" decoding=\"async\" width=\"1024\" height=\"848\" src=\"https:\/\/dr-kaja.pl\/wp-content\/uploads\/2026\/03\/Gemini_Generated_Image_vyau6zvyau6zvyau-21-1024x848.png\" alt=\"\" class=\"wp-image-1145 size-full\" srcset=\"https:\/\/dr-kaja.pl\/wp-content\/uploads\/2026\/03\/Gemini_Generated_Image_vyau6zvyau6zvyau-21-1024x848.png 1024w, https:\/\/dr-kaja.pl\/wp-content\/uploads\/2026\/03\/Gemini_Generated_Image_vyau6zvyau6zvyau-21-300x249.png 300w, https:\/\/dr-kaja.pl\/wp-content\/uploads\/2026\/03\/Gemini_Generated_Image_vyau6zvyau6zvyau-21-768x636.png 768w, https:\/\/dr-kaja.pl\/wp-content\/uploads\/2026\/03\/Gemini_Generated_Image_vyau6zvyau6zvyau-21-72x60.png 72w, https:\/\/dr-kaja.pl\/wp-content\/uploads\/2026\/03\/Gemini_Generated_Image_vyau6zvyau6zvyau-21.png 1120w\" sizes=\"auto, (max-width: 1024px) 100vw, 1024px\" \/><\/figure><div class=\"wp-block-media-text__content\">\n<p>premiera 21.03.2026r. <\/p>\n<\/div><\/div>\n\n\n\n<p><\/p>\n","protected":false},"excerpt":{"rendered":"<p>Jestem mam\u0105 dw\u00f3jki dzieci, obydwoje urodzeni w \u015brod\u0119 13-go \ud83d\ude42 &hellip; <\/p>\n","protected":false},"author":1,"featured_media":0,"parent":0,"menu_order":0,"comment_status":"closed","ping_status":"closed","template":"","meta":{"footnotes":""},"class_list":["post-822","page","type-page","status-publish","hentry"],"_links":{"self":[{"href":"https:\/\/dr-kaja.pl\/index.php?rest_route=\/wp\/v2\/pages\/822","targetHints":{"allow":["GET"]}}],"collection":[{"href":"https:\/\/dr-kaja.pl\/index.php?rest_route=\/wp\/v2\/pages"}],"about":[{"href":"https:\/\/dr-kaja.pl\/index.php?rest_route=\/wp\/v2\/types\/page"}],"author":[{"embeddable":true,"href":"https:\/\/dr-kaja.pl\/index.php?rest_route=\/wp\/v2\/users\/1"}],"replies":[{"embeddable":true,"href":"https:\/\/dr-kaja.pl\/index.php?rest_route=%2Fwp%2Fv2%2Fcomments&post=822"}],"version-history":[{"count":23,"href":"https:\/\/dr-kaja.pl\/index.php?rest_route=\/wp\/v2\/pages\/822\/revisions"}],"predecessor-version":[{"id":1173,"href":"https:\/\/dr-kaja.pl\/index.php?rest_route=\/wp\/v2\/pages\/822\/revisions\/1173"}],"wp:attachment":[{"href":"https:\/\/dr-kaja.pl\/index.php?rest_route=%2Fwp%2Fv2%2Fmedia&parent=822"}],"curies":[{"name":"wp","href":"https:\/\/api.w.org\/{rel}","templated":true}]}}