{"id":8,"date":"2014-02-16T19:36:43","date_gmt":"2014-02-16T19:36:43","guid":{"rendered":"http:\/\/dr-kaja.nazwa.pl\/instalator\/wordpress\/?page_id=8"},"modified":"2025-02-20T08:38:32","modified_gmt":"2025-02-20T08:38:32","slug":"kontakt","status":"publish","type":"page","link":"https:\/\/dr-kaja.pl\/?page_id=8","title":{"rendered":"Kontakt"},"content":{"rendered":"<p><a href=\"http:\/\/dr-kaja.pl\/wp-content\/uploads\/2014\/02\/005-Selcuk-Efez-010.jpg\"><img loading=\"lazy\" decoding=\"async\" class=\"size-medium wp-image-49 alignleft\" src=\"http:\/\/dr-kaja.pl\/wp-content\/uploads\/2014\/02\/005-Selcuk-Efez-010-300x199.jpg\" alt=\"005 Selcuk Efez (010)\" width=\"300\" height=\"199\" srcset=\"https:\/\/dr-kaja.pl\/wp-content\/uploads\/2014\/02\/005-Selcuk-Efez-010-300x199.jpg 300w, https:\/\/dr-kaja.pl\/wp-content\/uploads\/2014\/02\/005-Selcuk-Efez-010-1024x680.jpg 1024w, https:\/\/dr-kaja.pl\/wp-content\/uploads\/2014\/02\/005-Selcuk-Efez-010-624x414.jpg 624w, https:\/\/dr-kaja.pl\/wp-content\/uploads\/2014\/02\/005-Selcuk-Efez-010.jpg 1355w\" sizes=\"auto, (max-width: 300px) 100vw, 300px\" \/><\/a><\/p>\n<p>W kwestii <span style=\"color: #ff0000;\"><strong>um\u00f3wienia si\u0119 na wizyt\u0119<\/strong><\/span> prosz\u0119 dzwoni\u0107 na numer <a href=\"https:\/\/www.facebook.com\/mojdentysta\">Centrum Stomatologicznego M\u00f3j Dentysta<\/a>: <span style=\"color: #ff0000;\"><em><strong>+ 48 <\/strong><strong><span aria-label=\"Zadzwo\u0144 pod numer 881 500 077\">881 500 077\u00a0 \u00a0 \u00a0 <\/span><\/strong><\/em><\/span>Adres gabinetu: <span style=\"color: initial;\">1- go maja 30\/40 lokal 66, Zgierz.<\/span><\/p>\n<p>W innych sprawach mog\u0105 Pa\u0144stwo napisa\u0107 bezpo\u015brednio do mnie e-mail:\u00a0<strong>drkaja.pl@gmail.com <\/strong>lub\u00a0skontaktowa\u0107 si\u0119 przez Facebooka <a href=\"https:\/\/www.facebook.com\/profile.php?id=100090996461590\"><strong>dr-kaja.pl<\/strong><\/a>\u00a0<\/p>\n\n\n<p><\/p>\n","protected":false},"excerpt":{"rendered":"<p>W kwestii um\u00f3wienia si\u0119 na wizyt\u0119 prosz\u0119 dzwoni\u0107 na numer &hellip; <\/p>\n","protected":false},"author":1,"featured_media":0,"parent":0,"menu_order":0,"comment_status":"open","ping_status":"open","template":"","meta":{"footnotes":""},"class_list":["post-8","page","type-page","status-publish","hentry"],"_links":{"self":[{"href":"https:\/\/dr-kaja.pl\/index.php?rest_route=\/wp\/v2\/pages\/8","targetHints":{"allow":["GET"]}}],"collection":[{"href":"https:\/\/dr-kaja.pl\/index.php?rest_route=\/wp\/v2\/pages"}],"about":[{"href":"https:\/\/dr-kaja.pl\/index.php?rest_route=\/wp\/v2\/types\/page"}],"author":[{"embeddable":true,"href":"https:\/\/dr-kaja.pl\/index.php?rest_route=\/wp\/v2\/users\/1"}],"replies":[{"embeddable":true,"href":"https:\/\/dr-kaja.pl\/index.php?rest_route=%2Fwp%2Fv2%2Fcomments&post=8"}],"version-history":[{"count":23,"href":"https:\/\/dr-kaja.pl\/index.php?rest_route=\/wp\/v2\/pages\/8\/revisions"}],"predecessor-version":[{"id":1128,"href":"https:\/\/dr-kaja.pl\/index.php?rest_route=\/wp\/v2\/pages\/8\/revisions\/1128"}],"wp:attachment":[{"href":"https:\/\/dr-kaja.pl\/index.php?rest_route=%2Fwp%2Fv2%2Fmedia&parent=8"}],"curies":[{"name":"wp","href":"https:\/\/api.w.org\/{rel}","templated":true}]}}