{"id":348,"date":"2015-12-19T18:25:38","date_gmt":"2015-12-19T18:25:38","guid":{"rendered":"http:\/\/dr-kaja.pl\/?page_id=348"},"modified":"2023-07-24T06:30:51","modified_gmt":"2023-07-24T06:30:51","slug":"galeria","status":"publish","type":"page","link":"https:\/\/dr-kaja.pl\/?page_id=348","title":{"rendered":"Moje prace"},"content":{"rendered":"\n<div class=\"wp-block-media-text alignwide is-stacked-on-mobile is-style-default\"><figure class=\"wp-block-media-text__media\"><img loading=\"lazy\" decoding=\"async\" width=\"1024\" height=\"526\" src=\"https:\/\/dr-kaja.pl\/wp-content\/uploads\/2022\/07\/Obraz1.jpg-1024x526.png\" alt=\"\" class=\"wp-image-937 size-large\" srcset=\"https:\/\/dr-kaja.pl\/wp-content\/uploads\/2022\/07\/Obraz1.jpg-1024x526.png 1024w, https:\/\/dr-kaja.pl\/wp-content\/uploads\/2022\/07\/Obraz1.jpg-300x154.png 300w, https:\/\/dr-kaja.pl\/wp-content\/uploads\/2022\/07\/Obraz1.jpg-768x394.png 768w, https:\/\/dr-kaja.pl\/wp-content\/uploads\/2022\/07\/Obraz1.jpg-117x60.png 117w, https:\/\/dr-kaja.pl\/wp-content\/uploads\/2022\/07\/Obraz1.jpg.png 1515w\" sizes=\"auto, (max-width: 1024px) 100vw, 1024px\" \/><\/figure><div class=\"wp-block-media-text__content\">\n<p>Wype\u0142nienia z materia\u0142u kompozytowego <br>w z\u0119bach przedtrzonowych.<\/p>\n<\/div><\/div>\n\n\n\n<div class=\"wp-block-media-text alignwide is-stacked-on-mobile\"><figure class=\"wp-block-media-text__media\"><img loading=\"lazy\" decoding=\"async\" width=\"1024\" height=\"991\" src=\"https:\/\/dr-kaja.pl\/wp-content\/uploads\/2022\/07\/Obraz31-1024x991.png\" alt=\"\" class=\"wp-image-944 size-large\" srcset=\"https:\/\/dr-kaja.pl\/wp-content\/uploads\/2022\/07\/Obraz31-1024x991.png 1024w, https:\/\/dr-kaja.pl\/wp-content\/uploads\/2022\/07\/Obraz31-300x290.png 300w, https:\/\/dr-kaja.pl\/wp-content\/uploads\/2022\/07\/Obraz31-768x743.png 768w, https:\/\/dr-kaja.pl\/wp-content\/uploads\/2022\/07\/Obraz31-62x60.png 62w, https:\/\/dr-kaja.pl\/wp-content\/uploads\/2022\/07\/Obraz31.png 1117w\" sizes=\"auto, (max-width: 1024px) 100vw, 1024px\" \/><\/figure><div class=\"wp-block-media-text__content\">\n<p>Odbudowa centralnego z\u0119ba siecznego materia\u0142em kompozytowym. <\/p>\n<\/div><\/div>\n\n\n\n<div class=\"wp-block-media-text alignwide is-stacked-on-mobile\"><figure class=\"wp-block-media-text__media\"><img loading=\"lazy\" decoding=\"async\" width=\"594\" height=\"1024\" src=\"https:\/\/dr-kaja.pl\/wp-content\/uploads\/2022\/07\/Obraz21-594x1024.png\" alt=\"\" class=\"wp-image-941 size-large\" srcset=\"https:\/\/dr-kaja.pl\/wp-content\/uploads\/2022\/07\/Obraz21-594x1024.png 594w, https:\/\/dr-kaja.pl\/wp-content\/uploads\/2022\/07\/Obraz21-174x300.png 174w, https:\/\/dr-kaja.pl\/wp-content\/uploads\/2022\/07\/Obraz21-35x60.png 35w, https:\/\/dr-kaja.pl\/wp-content\/uploads\/2022\/07\/Obraz21.png 690w\" sizes=\"auto, (max-width: 594px) 100vw, 594px\" \/><\/figure><div class=\"wp-block-media-text__content\">\n<p>Odbudowa k\u0142a adhezyjnym mostem pe\u0142noceramicznym. <\/p>\n<\/div><\/div>\n\n\n\n<div class=\"wp-block-media-text alignwide is-stacked-on-mobile\"><figure class=\"wp-block-media-text__media\"><img loading=\"lazy\" decoding=\"async\" width=\"1024\" height=\"919\" src=\"https:\/\/dr-kaja.pl\/wp-content\/uploads\/2022\/07\/Obraz41-1024x919.png\" alt=\"Nadbudowa z\u0119ba 12 jako rozwi\u0105zanie alternatywne, do czasu podj\u0119cia leczenia ortodontycznego.\" class=\"wp-image-947 size-large\" srcset=\"https:\/\/dr-kaja.pl\/wp-content\/uploads\/2022\/07\/Obraz41-1024x919.png 1024w, https:\/\/dr-kaja.pl\/wp-content\/uploads\/2022\/07\/Obraz41-300x269.png 300w, https:\/\/dr-kaja.pl\/wp-content\/uploads\/2022\/07\/Obraz41-768x689.png 768w, https:\/\/dr-kaja.pl\/wp-content\/uploads\/2022\/07\/Obraz41-67x60.png 67w, https:\/\/dr-kaja.pl\/wp-content\/uploads\/2022\/07\/Obraz41.png 1098w\" sizes=\"auto, (max-width: 1024px) 100vw, 1024px\" \/><\/figure><div class=\"wp-block-media-text__content\">\n<p>Nadbudowa z\u0119ba siecznego bocznego jako rozwi\u0105zanie alternatywne, do czasu podj\u0119cia leczenia ortodontycznego.<\/p>\n<\/div><\/div>\n\n\n\n<div class=\"wp-block-media-text alignwide is-stacked-on-mobile\"><figure class=\"wp-block-media-text__media\"><img loading=\"lazy\" decoding=\"async\" width=\"900\" height=\"754\" src=\"https:\/\/dr-kaja.pl\/wp-content\/uploads\/2015\/12\/DSC_3012na-www.jpg\" alt=\"\" class=\"wp-image-452 size-full\" srcset=\"https:\/\/dr-kaja.pl\/wp-content\/uploads\/2015\/12\/DSC_3012na-www.jpg 900w, https:\/\/dr-kaja.pl\/wp-content\/uploads\/2015\/12\/DSC_3012na-www-300x251.jpg 300w, https:\/\/dr-kaja.pl\/wp-content\/uploads\/2015\/12\/DSC_3012na-www-768x643.jpg 768w, https:\/\/dr-kaja.pl\/wp-content\/uploads\/2015\/12\/DSC_3012na-www-624x523.jpg 624w\" sizes=\"auto, (max-width: 900px) 100vw, 900px\" \/><\/figure><div class=\"wp-block-media-text__content\">\n<p>Odtworzenie utraconego z\u0119ba siecznego centralnego, wymiana mostu AET &#8211; odbudowa bezpo\u015brednia.<\/p>\n<\/div><\/div>\n\n\n\n<div class=\"wp-block-media-text alignwide is-stacked-on-mobile\"><figure class=\"wp-block-media-text__media\"><img loading=\"lazy\" decoding=\"async\" width=\"1024\" height=\"768\" src=\"https:\/\/dr-kaja.pl\/wp-content\/uploads\/2015\/12\/DSC_1346-po\u0142\u0105czony-1024x768.jpg\" alt=\"\" class=\"wp-image-399 size-full\" srcset=\"https:\/\/dr-kaja.pl\/wp-content\/uploads\/2015\/12\/DSC_1346-po\u0142\u0105czony-1024x768.jpg 1024w, https:\/\/dr-kaja.pl\/wp-content\/uploads\/2015\/12\/DSC_1346-po\u0142\u0105czony-300x225.jpg 300w, https:\/\/dr-kaja.pl\/wp-content\/uploads\/2015\/12\/DSC_1346-po\u0142\u0105czony-768x576.jpg 768w, https:\/\/dr-kaja.pl\/wp-content\/uploads\/2015\/12\/DSC_1346-po\u0142\u0105czony-624x468.jpg 624w, https:\/\/dr-kaja.pl\/wp-content\/uploads\/2015\/12\/DSC_1346-po\u0142\u0105czony.jpg 1800w\" sizes=\"auto, (max-width: 1024px) 100vw, 1024px\" \/><\/figure><div class=\"wp-block-media-text__content\">\n<p>Wype\u0142nienie z materia\u0142u kompozytowego w z\u0119bie trzonowym. <\/p>\n<\/div><\/div>\n\n\n\n<div class=\"wp-block-media-text alignwide is-stacked-on-mobile\"><figure class=\"wp-block-media-text__media\"><img loading=\"lazy\" decoding=\"async\" width=\"900\" height=\"792\" src=\"https:\/\/dr-kaja.pl\/wp-content\/uploads\/2014\/02\/na-stron\u0119-www.jpg\" alt=\"\" class=\"wp-image-343 size-full\" srcset=\"https:\/\/dr-kaja.pl\/wp-content\/uploads\/2014\/02\/na-stron\u0119-www.jpg 900w, https:\/\/dr-kaja.pl\/wp-content\/uploads\/2014\/02\/na-stron\u0119-www-300x264.jpg 300w, https:\/\/dr-kaja.pl\/wp-content\/uploads\/2014\/02\/na-stron\u0119-www-624x549.jpg 624w\" sizes=\"auto, (max-width: 900px) 100vw, 900px\" \/><\/figure><div class=\"wp-block-media-text__content\">\n<p>Odbudowa z\u0142amanego z\u0119ba siecznego, po urazie u dziecka.<\/p>\n<\/div><\/div>\n\n\n\n<div class=\"wp-block-media-text alignwide is-stacked-on-mobile\"><figure class=\"wp-block-media-text__media\"><img loading=\"lazy\" decoding=\"async\" width=\"893\" height=\"750\" src=\"https:\/\/dr-kaja.pl\/wp-content\/uploads\/2014\/02\/DSC_0345-po\u0142\u0105czone.jpg\" alt=\"\" class=\"wp-image-341 size-full\" srcset=\"https:\/\/dr-kaja.pl\/wp-content\/uploads\/2014\/02\/DSC_0345-po\u0142\u0105czone.jpg 893w, https:\/\/dr-kaja.pl\/wp-content\/uploads\/2014\/02\/DSC_0345-po\u0142\u0105czone-300x252.jpg 300w, https:\/\/dr-kaja.pl\/wp-content\/uploads\/2014\/02\/DSC_0345-po\u0142\u0105czone-624x524.jpg 624w\" sizes=\"auto, (max-width: 893px) 100vw, 893px\" \/><\/figure><div class=\"wp-block-media-text__content\">\n<p>Naprawa uszkodzonego mostu protetycznego na podbudowie metalowej.<\/p>\n<\/div><\/div>\n\n\n\n<div class=\"wp-block-media-text alignwide is-stacked-on-mobile\"><figure class=\"wp-block-media-text__media\"><img loading=\"lazy\" decoding=\"async\" width=\"640\" height=\"730\" src=\"https:\/\/dr-kaja.pl\/wp-content\/uploads\/2015\/12\/DSC_8303.jpg\" alt=\"\" class=\"wp-image-397 size-full\" srcset=\"https:\/\/dr-kaja.pl\/wp-content\/uploads\/2015\/12\/DSC_8303.jpg 640w, https:\/\/dr-kaja.pl\/wp-content\/uploads\/2015\/12\/DSC_8303-263x300.jpg 263w, https:\/\/dr-kaja.pl\/wp-content\/uploads\/2015\/12\/DSC_8303-624x712.jpg 624w\" sizes=\"auto, (max-width: 640px) 100vw, 640px\" \/><\/figure><div class=\"wp-block-media-text__content\">\n<p>Odbudowa materia\u0142em kompozytowym z\u0142amanej korony klinicznej z\u0119ba siecznego bocznego. <\/p>\n<\/div><\/div>\n\n\n\n<div class=\"wp-block-media-text alignwide is-stacked-on-mobile\"><figure class=\"wp-block-media-text__media\"><img loading=\"lazy\" decoding=\"async\" width=\"1024\" height=\"361\" src=\"https:\/\/dr-kaja.pl\/wp-content\/uploads\/2022\/08\/podpis-male-900-kolaz-DSC_3049_01-1024x361.jpg\" alt=\"\" class=\"wp-image-965 size-full\" srcset=\"https:\/\/dr-kaja.pl\/wp-content\/uploads\/2022\/08\/podpis-male-900-kolaz-DSC_3049_01-1024x361.jpg 1024w, https:\/\/dr-kaja.pl\/wp-content\/uploads\/2022\/08\/podpis-male-900-kolaz-DSC_3049_01-300x106.jpg 300w, https:\/\/dr-kaja.pl\/wp-content\/uploads\/2022\/08\/podpis-male-900-kolaz-DSC_3049_01-768x271.jpg 768w, https:\/\/dr-kaja.pl\/wp-content\/uploads\/2022\/08\/podpis-male-900-kolaz-DSC_3049_01-1536x542.jpg 1536w, https:\/\/dr-kaja.pl\/wp-content\/uploads\/2022\/08\/podpis-male-900-kolaz-DSC_3049_01-2048x723.jpg 2048w, https:\/\/dr-kaja.pl\/wp-content\/uploads\/2022\/08\/podpis-male-900-kolaz-DSC_3049_01-170x60.jpg 170w\" sizes=\"auto, (max-width: 1024px) 100vw, 1024px\" \/><\/figure><div class=\"wp-block-media-text__content\">\n<p>Wype\u0142nienie z materia\u0142u kompozytowego w z\u0119bie trzonowym, wykonane z wykorzystaniem indywidualnie stworzonego &#8222;stempla okluzyjnego&#8221;,  dla wiernego odtworzenia kszta\u0142tu z\u0119ba. <\/p>\n<\/div><\/div>\n\n\n\n<div class=\"wp-block-media-text alignwide is-stacked-on-mobile\"><figure class=\"wp-block-media-text__media\"><img loading=\"lazy\" decoding=\"async\" width=\"1024\" height=\"687\" src=\"https:\/\/dr-kaja.pl\/wp-content\/uploads\/2022\/08\/z-podpisem-podwojne-DSC_3098-2-1024x687.jpg\" alt=\"\" class=\"wp-image-967 size-full\" srcset=\"https:\/\/dr-kaja.pl\/wp-content\/uploads\/2022\/08\/z-podpisem-podwojne-DSC_3098-2-1024x687.jpg 1024w, https:\/\/dr-kaja.pl\/wp-content\/uploads\/2022\/08\/z-podpisem-podwojne-DSC_3098-2-300x201.jpg 300w, https:\/\/dr-kaja.pl\/wp-content\/uploads\/2022\/08\/z-podpisem-podwojne-DSC_3098-2-768x515.jpg 768w, https:\/\/dr-kaja.pl\/wp-content\/uploads\/2022\/08\/z-podpisem-podwojne-DSC_3098-2-1536x1031.jpg 1536w, https:\/\/dr-kaja.pl\/wp-content\/uploads\/2022\/08\/z-podpisem-podwojne-DSC_3098-2-89x60.jpg 89w, https:\/\/dr-kaja.pl\/wp-content\/uploads\/2022\/08\/z-podpisem-podwojne-DSC_3098-2-460x310.jpg 460w, https:\/\/dr-kaja.pl\/wp-content\/uploads\/2022\/08\/z-podpisem-podwojne-DSC_3098-2.jpg 1800w\" sizes=\"auto, (max-width: 1024px) 100vw, 1024px\" \/><\/figure><div class=\"wp-block-media-text__content\">\n<p>Warunkowa odbudowa protetyczna, korona i endokorona kompozytowa.<\/p>\n<\/div><\/div>\n\n\n\n<div class=\"wp-block-media-text alignwide is-stacked-on-mobile\"><figure class=\"wp-block-media-text__media\"><img loading=\"lazy\" decoding=\"async\" width=\"922\" height=\"1024\" src=\"https:\/\/dr-kaja.pl\/wp-content\/uploads\/2023\/03\/22-922x1024.png\" alt=\"\" class=\"wp-image-1008 size-full\" srcset=\"https:\/\/dr-kaja.pl\/wp-content\/uploads\/2023\/03\/22-922x1024.png 922w, https:\/\/dr-kaja.pl\/wp-content\/uploads\/2023\/03\/22-270x300.png 270w, https:\/\/dr-kaja.pl\/wp-content\/uploads\/2023\/03\/22-768x853.png 768w, https:\/\/dr-kaja.pl\/wp-content\/uploads\/2023\/03\/22-54x60.png 54w, https:\/\/dr-kaja.pl\/wp-content\/uploads\/2023\/03\/22.png 1053w\" sizes=\"auto, (max-width: 922px) 100vw, 922px\" \/><\/figure><div class=\"wp-block-media-text__content\">\n<p>Odbudowa z\u0142amanego z\u0119ba materia\u0142em kompozytowym.<\/p>\n<\/div><\/div>\n\n\n\n<div class=\"wp-block-media-text alignwide is-stacked-on-mobile\"><figure class=\"wp-block-media-text__media\"><img loading=\"lazy\" decoding=\"async\" width=\"1024\" height=\"486\" src=\"https:\/\/dr-kaja.pl\/wp-content\/uploads\/2023\/03\/35-1024x486.png\" alt=\"\" class=\"wp-image-1010 size-full\" srcset=\"https:\/\/dr-kaja.pl\/wp-content\/uploads\/2023\/03\/35-1024x486.png 1024w, https:\/\/dr-kaja.pl\/wp-content\/uploads\/2023\/03\/35-300x142.png 300w, https:\/\/dr-kaja.pl\/wp-content\/uploads\/2023\/03\/35-768x364.png 768w, https:\/\/dr-kaja.pl\/wp-content\/uploads\/2023\/03\/35-1536x729.png 1536w, https:\/\/dr-kaja.pl\/wp-content\/uploads\/2023\/03\/35-126x60.png 126w, https:\/\/dr-kaja.pl\/wp-content\/uploads\/2023\/03\/35.png 1591w\" sizes=\"auto, (max-width: 1024px) 100vw, 1024px\" \/><\/figure><div class=\"wp-block-media-text__content\">\n<p>Wype\u0142nienie kompozytowe w z\u0119bie przedtrzonowym.<\/p>\n<\/div><\/div>\n\n\n\n<div class=\"wp-block-media-text alignwide is-stacked-on-mobile\"><figure class=\"wp-block-media-text__media\"><a href=\"https:\/\/www.youtube.com\/@dr-kaja\"><img loading=\"lazy\" decoding=\"async\" width=\"300\" height=\"214\" src=\"https:\/\/dr-kaja.pl\/wp-content\/uploads\/2017\/10\/cropped-dr-kaja_logo.png\" alt=\"\" class=\"wp-image-881 size-full\" srcset=\"https:\/\/dr-kaja.pl\/wp-content\/uploads\/2017\/10\/cropped-dr-kaja_logo.png 300w, https:\/\/dr-kaja.pl\/wp-content\/uploads\/2017\/10\/cropped-dr-kaja_logo-84x60.png 84w\" sizes=\"auto, (max-width: 300px) 100vw, 300px\" \/><\/a><\/figure><div class=\"wp-block-media-text__content\">\n<p>Zapraszam na m\u00f3j <a href=\"https:\/\/www.youtube.com\/@dr-kaja\">kana\u0142 YouTube<\/a> <\/p>\n<\/div><\/div>\n\n\n\n<div class=\"wp-block-media-text alignwide is-stacked-on-mobile\"><figure class=\"wp-block-media-text__media\"><img loading=\"lazy\" decoding=\"async\" width=\"697\" height=\"1473\" src=\"https:\/\/dr-kaja.pl\/wp-content\/uploads\/2023\/07\/Zrzut-ekranu-2023-07-23-115213.png\" alt=\"\" class=\"wp-image-1036 size-full\" srcset=\"https:\/\/dr-kaja.pl\/wp-content\/uploads\/2023\/07\/Zrzut-ekranu-2023-07-23-115213.png 697w, https:\/\/dr-kaja.pl\/wp-content\/uploads\/2023\/07\/Zrzut-ekranu-2023-07-23-115213-142x300.png 142w, https:\/\/dr-kaja.pl\/wp-content\/uploads\/2023\/07\/Zrzut-ekranu-2023-07-23-115213-485x1024.png 485w, https:\/\/dr-kaja.pl\/wp-content\/uploads\/2023\/07\/Zrzut-ekranu-2023-07-23-115213-28x60.png 28w\" sizes=\"auto, (max-width: 697px) 100vw, 697px\" \/><\/figure><div class=\"wp-block-media-text__content\">\n<p>Zmiana kszta\u0142tu z\u0119b\u00f3w z wykorzystaniem materia\u0142u kompozytowego, nazwywana cz\u0119sto &#8222;bondingiem&#8221;. <\/p>\n\n\n\n<p>Chcesz wiedzie\u0107 czym jest &#8222;bonding&#8221; przeczytaj to: <a href=\"https:\/\/www.facebook.com\/photo\/?fbid=202148642828350&amp;set=a.107969905579558\" target=\"_blank\" rel=\"noreferrer noopener\">https:\/\/www.facebook.com\/photo\/?fbid=202148642828350&amp;set=a.107969905579558<\/a><\/p>\n<\/div><\/div>\n","protected":false},"excerpt":{"rendered":"<p>Wype\u0142nienia z materia\u0142u kompozytowego w z\u0119bach przedtrzonowych. Odbudowa centralnego z\u0119ba &hellip; <\/p>\n","protected":false},"author":1,"featured_media":0,"parent":0,"menu_order":0,"comment_status":"open","ping_status":"closed","template":"","meta":{"footnotes":""},"class_list":["post-348","page","type-page","status-publish","hentry"],"_links":{"self":[{"href":"https:\/\/dr-kaja.pl\/index.php?rest_route=\/wp\/v2\/pages\/348","targetHints":{"allow":["GET"]}}],"collection":[{"href":"https:\/\/dr-kaja.pl\/index.php?rest_route=\/wp\/v2\/pages"}],"about":[{"href":"https:\/\/dr-kaja.pl\/index.php?rest_route=\/wp\/v2\/types\/page"}],"author":[{"embeddable":true,"href":"https:\/\/dr-kaja.pl\/index.php?rest_route=\/wp\/v2\/users\/1"}],"replies":[{"embeddable":true,"href":"https:\/\/dr-kaja.pl\/index.php?rest_route=%2Fwp%2Fv2%2Fcomments&post=348"}],"version-history":[{"count":24,"href":"https:\/\/dr-kaja.pl\/index.php?rest_route=\/wp\/v2\/pages\/348\/revisions"}],"predecessor-version":[{"id":1038,"href":"https:\/\/dr-kaja.pl\/index.php?rest_route=\/wp\/v2\/pages\/348\/revisions\/1038"}],"wp:attachment":[{"href":"https:\/\/dr-kaja.pl\/index.php?rest_route=%2Fwp%2Fv2%2Fmedia&parent=348"}],"curies":[{"name":"wp","href":"https:\/\/api.w.org\/{rel}","templated":true}]}}