{"id":345,"date":"2015-12-19T18:23:24","date_gmt":"2015-12-19T18:23:24","guid":{"rendered":"http:\/\/dr-kaja.pl\/?page_id=345"},"modified":"2024-11-12T08:22:06","modified_gmt":"2024-11-12T08:22:06","slug":"opinie-pacjentow","status":"publish","type":"page","link":"https:\/\/dr-kaja.pl\/?page_id=345","title":{"rendered":"Opinie"},"content":{"rendered":"<p>&#8222;Dr Kaja opiekuje si\u0119 moim uz\u0119bieniem ju\u017c od ponad 10 lat i mog\u0119 powiedzie\u0107, \u017ce jest to najlepszy stomatolog, jakiego mog\u0142abym sobie wymarzy\u0107. Jej praca jest naprawd\u0119 wyj\u0105tkowa \u2013 wype\u0142nienia, kt\u00f3re zrobi\u0142a lata temu, trzymaj\u0105 si\u0119 do dzi\u015b, co \u015bwiadczy o najwy\u017cszej jako\u015bci jej us\u0142ug. Ka\u017cda wizyta przebiega w przyjaznej atmosferze, a dr Kaja zawsze z pe\u0142nym profesjonalizmem t\u0142umaczy, co b\u0119dzie robi\u0107, cz\u0119sto wspieraj\u0105c wyja\u015bnienia dokumentacj\u0105 fotograficzn\u0105 przed i po zabiegu.<\/p>\n<p>Co ceni\u0119 szczeg\u00f3lnie, to fakt, \u017ce dr Kaja nigdy nie przyst\u0119puje do leczenia, je\u015bli nie jest to absolutnie konieczne, a jej podej\u015bcie do ustalania priorytet\u00f3w jest doskonale przemy\u015blane, co daje mi pe\u0142en komfort jako pacjentce. Ponadto jest bardzo elastyczna, je\u015bli chodzi o dost\u0119pno\u015b\u0107 \u2013 na moj\u0105 pro\u015bb\u0119 cz\u0119sto realizujemy leczenie w formie \u201ehurtowej\u201d, co jest idealnym rozwi\u0105zaniem przy moim napi\u0119tym grafiku.<\/p>\n<p>Chocia\u017c dr Kaja nie specjalizuje si\u0119 w leczeniu dzieci, to znacz\u0105co przyczyni\u0142a si\u0119 do oswojenia mojej c\u00f3rki z wizytami dentystycznymi. Kiedy moja c\u00f3rka mia\u0142a zaledwie roczek, dr Kaja pozwoli\u0142a jej by\u0107 obecnej podczas mojego leczenia, co pozwoli\u0142o jej obserwowa\u0107, \u017ce wizyty u dentysty s\u0105 normalnym, bezpiecznym do\u015bwiadczeniem. Doktor z ogromn\u0105 cierpliwo\u015bci\u0105 pozwoli\u0142a c\u00f3rce zapozna\u0107 si\u0119 z narz\u0119dziami stomatologicznymi, co wzbudzi\u0142o w niej wielkie zainteresowanie \u2013 teraz cz\u0119sto bawimy si\u0119 w stomatologa w domu! Kto wie, mo\u017ce w przysz\u0142o\u015bci zostanie lekarzem stomatologiem.<\/p>\n<p>Z pe\u0142nym przekonaniem polecam dr Kaj\u0119 wszystkim, kt\u00f3rzy szukaj\u0105 dentysty z prawdziwym powo\u0142aniem. Jej profesjonalizm, ciep\u0142e podej\u015bcie do pacjenta i ogromna wiedza sprawiaj\u0105, \u017ce ka\u017cda wizyta jest wyj\u0105tkowo komfortowa.&#8221;<br \/>\n<strong><em>\u223c <\/em><\/strong><strong><em>\u00a0<\/em>Agnieszka S.<\/strong><\/p>\n<p>&#8222;Dr Kaja jest profesjonalist\u0105 w ka\u017cdym calu. Dba o dobry kontakt z pacjentem ju\u017c od momentu powitania. W trakcie wizyty rzeczowo wyja\u015bnia problem, przedstawia mo\u017cliwo\u015bci leczenia i wskazuje najlepsze rozwi\u0105zanie. Podczas pracy jest dok\u0142adna, zaanga\u017cowana i sumienna. Ma szerok\u0105 wiedz\u0119 na temat stomatologii i wykorzystuje najnowsze rozwi\u0105zania techniczne. Jej otwarto\u015b\u0107, profesjonalizm i umiej\u0119tno\u015bci sprawiaj\u0105, \u017ce naprawd\u0119 jest specjalist\u0105 godnym polecenia.&#8221;<br \/>\n<strong><em>\u223c Marta<\/em><\/strong><\/p>\n<p>&#8222;Czy zdarzy\u0142o Wam si\u0119 mie\u0107 takie poczucie bezpiecze\u0144stwa, by bez znieczulenia zdrzemn\u0105\u0107 si\u0119 na fotelu dentystycznym? To jest mo\u017cliwe u dr Kai Wichrowskiej. Jej delikatno\u015b\u0107 a jednocze\u015bnie pewno\u015b\u0107 r\u0119ki i komfort gabinetu H.S. s\u0105 dowodem, \u017ce mo\u017cna odrzuci\u0107 l\u0119k przed dentyst\u0105. Dla mnie, aktorki, wizyta u dr Kai, nawet przed spektaklem nie przysparza stresu. DZI\u0118KUJ\u0118 PANI DOKTOR.&#8221;<br \/>\n<strong>\u223c E.W.<\/strong><\/p>\n<p><em>&#8222;Dr Kaja Wichrowska-Rymarek jest wspania\u0142ym stomatologiem. Ju\u017c kilka lat, systematycznie odwiedzam Pani\u0105 doktor i jestem w pe\u0142ni zadowolona z efekt\u00f3w leczenia, p\u00f3\u017aniejsze wizyty by\u0142y ju\u017c tylko wizytami kontrolnymi.<br \/>\nPani Kaja wyr\u00f3\u017cnia si\u0119 po\u015bwi\u0119ceniem, zaanga\u017cowaniem w wykonywan\u0105 prac\u0119, dok\u0142adno\u015bci\u0105 i pozytywnym nastawieniem do pacjenta. Doktor jest do\u015bwiadczonym i profesjonalnym specjalist\u0105, w 100 % godnym polecenia! Wida\u0107, \u017ce wyb\u00f3r zawodu nie by\u0142 przypadkiem, lecz powo\u0142aniem.&#8221;<br \/>\n<\/em><strong><em>\u223c Sylwia Szafraniec<\/em><\/strong><\/p>\n<p><em>&#8222;Chcia\u0142abym poleci\u0107 Doktor Kaj\u0119 jako najwy\u017cszej klasy specjalist\u0119, kt\u00f3ry ca\u0142e serce po\u015bwi\u0119ca swoim pacjentom. Nie ma problemu stomatologicznego, z kt\u00f3rym nie potrafi\u0142aby sobie poradzi\u0107 &#8211; z moimi z\u0105bkami zdzia\u0142a\u0142a prawdziwe cuda. Jest osob\u0105 bardzo kompetentn\u0105, fachow\u0105 oraz bardzo sympatyczn\u0105 &#8211; ka\u017cd\u0105 wizyt\u0119 ko\u0144cz\u0119 z u\u015bmiechem na twarzy. Z czystym sercem polecam Doktor Kaj\u0119 wszystkim moim najbli\u017cszym oraz znajomym jako najlepszego dentyst\u0119 pod s\u0142o\u0144cem.&#8221;<br \/>\n<\/em><strong><em>\u223c Anna Nowacka<\/em><\/strong><\/p>\n<p>&#8222;Od roku 2007 mam sta\u0142y kontakt z Dr Wichrowsk\u0105, ca\u0142o\u015b\u0107 mojego leczenia pourazowego by\u0142a bardzo kompleksowa. Dr Kaja jest osob\u0105 niespotykanie oddan\u0105 swojej pracy, do dzi\u015b ceni\u0119 dok\u0142adno\u015b\u0107 i serce w\u0142o\u017cone w prace nade mn\u0105 jako pacjentk\u0105 lata temu.&#8221;<br \/>\n<strong><em>\u223c <\/em>Renata Wojtalik<\/strong><\/p>\n<p>&#8222;Polecamy Dr Wichrowsk\u0105-Rymarek. Leczymy si\u0119 u niej ju\u017c od 2 lat. Zawsze u\u015bmiechni\u0119ta i rzeczowa znajduje rozwi\u0105zanie ka\u017cdej sytuacji. Jest precyzyjna i delikatna, co potwierdzaj\u0105 nawet pacjenci lecz\u0105cy si\u0119 bez znieczulenia. Jej anielsk\u0105 wr\u0119cz cierpliwo\u015b\u0107 i dok\u0142adno\u015b\u0107 mo\u017cna tylko podziwia\u0107.&#8221;<br \/>\n<strong>\u223c Maria i Piotr<\/strong><\/p>\n<p>&#8222;Pani Kaja to dr Z\u0105bek! I b\u0119d\u0119 teraz do niej m\u00f3wi\u0142 ciocia. By\u0142a dla mnie bardzo mi\u0142a, a ja wcale si\u0119 nie ba\u0142em. Wygoni\u0142a mi robaczki z z\u0105bk\u00f3w, p\u00f3\u017aniej zaklei\u0142a tak\u0105 specjaln\u0105 plastelin\u0105 i ju\u017c mnie z\u0105bki nie bol\u0105! Jak zachoruj\u0105 mi z\u0105bki to zawsze b\u0119d\u0119 przychodzi\u0142 do cioci Kai!&#8221;<br \/>\n<strong><em>\u223c<\/em><\/strong><strong><em>\u00a0<\/em>Piotru\u015b<\/strong><\/p>\n<p>&#8222;Gdyby wi\u0119cej by\u0142o takich os\u00f3b jak Pani Doktor Kaja Wichrowska,\u00a0ludziom \u017cy\u0142oby si\u0119 lepiej, przyjemniej i zdrowiej. \ud83d\ude42\u00a0Dzi\u0119ki Pani Kai mam pi\u0119kne z\u0119by o kt\u00f3rych,\u00a0gdyby nie ona, m\u00f3g\u0142bym tylko pomarzy\u0107.\u00a0Pomimo do\u015b\u0107 skomplikowanych zabieg\u00f3w i bardzo wielu wizyt,\u00a0z wielk\u0105 przyjemno\u015bci\u0105 wybiera\u0142em si\u0119 na kolejne wizyty.\u00a0Powodowa\u0142a to zar\u00f3wno fachowo\u015b\u0107 Pani Doktor Kai jak i fachowa i mi\u0142a\u00a0obs\u0142uga personelu i wspania\u0142e wyposa\u017cenie gabinetu.\u00a0Wszystkim serdecznie polecam wizyt\u0119 u Pani Kai, na pewno wyjd\u0105 z gabinetu zadowoleni i z pi\u0119knym u\u015bmiechem.&#8221;<br \/>\n<strong><em>\u223c Piotr Adamkiewicz<\/em><\/strong><\/p>\n<p>&#8222;Jak kto\u015b boi si\u0119 panicznie dentysty to dr Kaja jest jedynym lekarzem, kt\u00f3ry mo\u017ce to zmieni\u0107!!! U niej cz\u0142owiek cieszy si\u0119 z ka\u017cdego ubytku!!!&#8221;<br \/>\n<strong><em>\u223c <\/em><\/strong><strong><em>\u0141ukasz<\/em><\/strong><\/p>\n<p>&#8222;Droga Kaju<br \/>\nWcze\u015bniej zna\u0142am Ci\u0119 jako kole\u017cank\u0119 z dzieci\u0144stwa, teraz poznaj\u0119 jako stomatologa.<br \/>\nWybra\u0142am Ci\u0119 na mojego lekarza dentyst\u0119, bo uwa\u017cam, \u017ce jeste\u015b osob\u0105 pe\u0142n\u0105 pasji, zaanga\u017cowan\u0105 w swoj\u0105 prac\u0119 i poszerzaj\u0105c\u0105 swoj\u0105 wiedz\u0119.<br \/>\nPS Kto by pomy\u015bla\u0142, \u017ce dwadzie\u015bcia kilka lat po grze w zbijanego to Ty odbudujesz ponownie kawa\u0142ek mojej jedynki utraconej przez asfalt naszego \u201epodw\u00f3rka\u201d \ud83d\ude09<br \/>\nPozdrawiam serdecznie&#8221;<br \/>\n<strong><em>\u223c <\/em><\/strong><strong><em>\u00a0<\/em>Aga<\/strong><\/p>\n<p>&#8222;Mia\u0142em przyjemno\u015b\u0107 by\u0107 w\u015br\u00f3d wolontariuszy programu Zdrowy U\u015bmiech w trakcie Tr\u00f3jboju Si\u0142owego Olimpiad Specjalnych w Hrubieszowie (2013r.). Pani Dr. Wichrowska kierowa\u0142a naszym zespo\u0142em. Po raz pierwszy widzia\u0142em tyle troski i cierpliwo\u015bci, kiedy przeprowadza\u0142a badania zawodnik\u00f3w specjalnych. Ca\u0142y zesp\u00f3\u0142 chyli czo\u0142a przed Pani\u0105 Doktor! Dzi\u0119kujemy!&#8221;<br \/>\n<strong>\u223c Wolontariusz Special<\/strong><strong>\u00a0Smiles<\/strong><\/p>\n<p>&#8222;Uczestniczy\u0142em w wyk\u0142adzie Pani Wichrowskiej-Rymarek w Zamo\u015bciu na temat adhezji przy odbudowach protetycznych. Wci\u0105gaj\u0105ca forma wyk\u0142adu, pouczaj\u0105ca tre\u015b\u0107 i talent prelegentki sprawi\u0142y, \u017ce by\u0142o to bardzo warto\u015bciowe spotkanie.&#8221;<br \/>\n<strong><em>\u223c<\/em><\/strong><strong><em>\u00a0<\/em>Tomasz<\/strong><\/p>\n<p>&#8222;Witam Pani Doktor, pisz\u0119, poniewa\u017c bardzo chcia\u0142am podzi\u0119kowa\u0107 za zaj\u0119cia a w szczeg\u00f3lno\u015bci za planowanie leczenia kompleksowego u pacjent\u00f3w. Chcia\u0142am tylko powiedzie\u0107, \u017ce w dniu dzisiejszym przekona\u0142am si\u0119 na w\u0142asnej sk\u00f3rze, jak bardzo s\u0105 one potrzebne i jak poszerzaj\u0105 nasz punkt widzenia i pomagaj\u0105 w u\u0142o\u017ceniu planu leczenia wraz z r\u00f3\u017cnymi opcjami. Akurat w przypadku mojego pacjenta, od razu przypomnia\u0142a mi si\u0119 Pani Doktor i nie da\u0142abym sobie spokoju, nie pisz\u0105c tej wiadomo\u015bci. Zatem pozdrawiam serdecznie z przepi\u0119knego Wroc\u0142awia&#8221;<br \/>\n<strong><em>\u223c Kornelia Borska<\/em><\/strong><\/p>\n<p>&#8222;Dr Kaja Wichrowska &#8211; Rymarek<br \/>\nW imieniu Zarz\u0105du Oddzia\u0142u PTS w Kro\u015bnie przesy\u0142am Pani Doktor serdeczne podzi\u0119kowanie za\u00a0prezentacj\u0119 wyk\u0142adu na temat: Odbudowy adhezyjne &#8211; sprawdzone sposoby na sukces w codziennej pracy klinicznej. Zaprezentowany temat wzbudzi\u0142 du\u017ce zainteresowanie i\u00a0pozytywn\u0105 ocen\u0119 wszystkich uczestnik\u00f3w. Prezentacja by\u0142a naprawd\u0119 starannie opracowana w oparciu o w\u0142asne przypadki kliniczne i dzi\u0119ki temu by\u0142a ciekawa dla lekarzy samodzielnie praktykuj\u0105cych \u2013 uczestnik\u00f3w zebrania. Na podkre\u015blenie zas\u0142uguje r\u00f3wnie\u017c spos\u00f3b prezentacji charakteryzuj\u0105cy si\u0119 du\u017c\u0105 swobod\u0105, jasno\u015bci\u0105 wypowiedzi i wysok\u0105 kultur\u0105 osobist\u0105. \u015awiadczy to o du\u017cej wiedzy stomatologicznej oraz szerokim zakresie posiadanych\u00a0 umiej\u0119tno\u015bci.<br \/>\nZ powa\u017caniem&#8221;<br \/>\n<strong><em>\u223c <\/em>Prezes Oddzia\u0142u PTS w Kro\u015bnie,\u00a0Wojciech Kolanko<\/strong><\/p>\n<p><a href=\"https:\/\/dr-kaja.pl\/wp-content\/uploads\/2015\/12\/dr-Kaja-Wichrowska-Rymarek.jpg\"><img loading=\"lazy\" decoding=\"async\" class=\"alignnone  wp-image-538\" src=\"https:\/\/dr-kaja.pl\/wp-content\/uploads\/2015\/12\/dr-Kaja-Wichrowska-Rymarek-212x300.jpg\" alt=\"\" width=\"202\" height=\"286\" srcset=\"https:\/\/dr-kaja.pl\/wp-content\/uploads\/2015\/12\/dr-Kaja-Wichrowska-Rymarek-212x300.jpg 212w, https:\/\/dr-kaja.pl\/wp-content\/uploads\/2015\/12\/dr-Kaja-Wichrowska-Rymarek-768x1087.jpg 768w, https:\/\/dr-kaja.pl\/wp-content\/uploads\/2015\/12\/dr-Kaja-Wichrowska-Rymarek-724x1024.jpg 724w, https:\/\/dr-kaja.pl\/wp-content\/uploads\/2015\/12\/dr-Kaja-Wichrowska-Rymarek-624x883.jpg 624w, https:\/\/dr-kaja.pl\/wp-content\/uploads\/2015\/12\/dr-Kaja-Wichrowska-Rymarek.jpg 826w\" sizes=\"auto, (max-width: 202px) 100vw, 202px\" \/><\/a><\/p>\n<pre><span style=\"color: #800000;\"><em><span style=\"color: #999999;\">Je\u015bli chc\u0105 Pa\u0144stwo podzieli\u0107 si\u0119 swoimi opiniami na m\u00f3j temat, mo\u017cna przes\u0142a\u0107 je na adres <strong>opinie.drkaja.pl@gmail.com<\/strong>\n<\/span><\/em><\/span><\/pre>\n","protected":false},"excerpt":{"rendered":"<p>&#8222;Dr Kaja opiekuje si\u0119 moim uz\u0119bieniem ju\u017c od ponad 10 &hellip; <\/p>\n","protected":false},"author":1,"featured_media":0,"parent":0,"menu_order":0,"comment_status":"open","ping_status":"open","template":"","meta":{"footnotes":""},"class_list":["post-345","page","type-page","status-publish","hentry"],"_links":{"self":[{"href":"https:\/\/dr-kaja.pl\/index.php?rest_route=\/wp\/v2\/pages\/345","targetHints":{"allow":["GET"]}}],"collection":[{"href":"https:\/\/dr-kaja.pl\/index.php?rest_route=\/wp\/v2\/pages"}],"about":[{"href":"https:\/\/dr-kaja.pl\/index.php?rest_route=\/wp\/v2\/types\/page"}],"author":[{"embeddable":true,"href":"https:\/\/dr-kaja.pl\/index.php?rest_route=\/wp\/v2\/users\/1"}],"replies":[{"embeddable":true,"href":"https:\/\/dr-kaja.pl\/index.php?rest_route=%2Fwp%2Fv2%2Fcomments&post=345"}],"version-history":[{"count":44,"href":"https:\/\/dr-kaja.pl\/index.php?rest_route=\/wp\/v2\/pages\/345\/revisions"}],"predecessor-version":[{"id":1108,"href":"https:\/\/dr-kaja.pl\/index.php?rest_route=\/wp\/v2\/pages\/345\/revisions\/1108"}],"wp:attachment":[{"href":"https:\/\/dr-kaja.pl\/index.php?rest_route=%2Fwp%2Fv2%2Fmedia&parent=345"}],"curies":[{"name":"wp","href":"https:\/\/api.w.org\/{rel}","templated":true}]}}