{"id":301,"date":"2015-07-04T11:09:59","date_gmt":"2015-07-04T11:09:59","guid":{"rendered":"http:\/\/dr-kaja.pl\/?page_id=301"},"modified":"2017-10-01T14:57:11","modified_gmt":"2017-10-01T14:57:11","slug":"dentysta-roku","status":"publish","type":"page","link":"https:\/\/dr-kaja.pl\/?page_id=301","title":{"rendered":"&#8222;Dentysta Roku&#8221;"},"content":{"rendered":"<p>Wrzesie\u0144 2015<\/p>\n<p>11 wrze\u015bnia w Poznaniu mia\u0142a miejsce uroczysta gala Dentysta Roku 2015, podczas kt\u00f3rej, wraz z m\u0119\u017cem, mia\u0142am okazj\u0119\u00a0uczestniczy\u0107 w koncercie zespo\u0142u\u00a0Breakout Tour Piotra Nalepy.<\/p>\n<p>Raz jeszcze dzi\u0119kuj\u0119 za Pa\u0144stwa g\u0142osy \u00a0\ud83d\ude42<\/p>\n<figure id=\"attachment_320\" aria-describedby=\"caption-attachment-320\" style=\"width: 300px\" class=\"wp-caption aligncenter\"><a href=\"http:\/\/dr-kaja.pl\/wp-content\/uploads\/2015\/07\/150911_POZNA\u0143_DENTYSTA-ROKU-3.jpg\"><img loading=\"lazy\" decoding=\"async\" class=\"size-medium wp-image-320\" src=\"http:\/\/dr-kaja.pl\/wp-content\/uploads\/2015\/07\/150911_POZNA\u0143_DENTYSTA-ROKU-3-300x199.jpg\" alt=\"Fot. Tomasz Rymarek\" width=\"300\" height=\"199\" srcset=\"https:\/\/dr-kaja.pl\/wp-content\/uploads\/2015\/07\/150911_POZNA\u0143_DENTYSTA-ROKU-3-300x199.jpg 300w, https:\/\/dr-kaja.pl\/wp-content\/uploads\/2015\/07\/150911_POZNA\u0143_DENTYSTA-ROKU-3-1024x680.jpg 1024w, https:\/\/dr-kaja.pl\/wp-content\/uploads\/2015\/07\/150911_POZNA\u0143_DENTYSTA-ROKU-3-624x414.jpg 624w, https:\/\/dr-kaja.pl\/wp-content\/uploads\/2015\/07\/150911_POZNA\u0143_DENTYSTA-ROKU-3.jpg 1355w\" sizes=\"auto, (max-width: 300px) 100vw, 300px\" \/><\/a><figcaption id=\"caption-attachment-320\" class=\"wp-caption-text\">Fot. Tomasz Rymarek<\/figcaption><\/figure>\n<figure id=\"attachment_324\" aria-describedby=\"caption-attachment-324\" style=\"width: 300px\" class=\"wp-caption aligncenter\"><a href=\"http:\/\/dr-kaja.pl\/wp-content\/uploads\/2015\/07\/image-2.jpg\"><img loading=\"lazy\" decoding=\"async\" class=\"size-medium wp-image-324\" src=\"http:\/\/dr-kaja.pl\/wp-content\/uploads\/2015\/07\/image-2-300x200.jpg\" alt=\"www.fotografia-stomatologiczna.pl\" width=\"300\" height=\"200\" srcset=\"https:\/\/dr-kaja.pl\/wp-content\/uploads\/2015\/07\/image-2-300x200.jpg 300w, https:\/\/dr-kaja.pl\/wp-content\/uploads\/2015\/07\/image-2-1024x683.jpg 1024w, https:\/\/dr-kaja.pl\/wp-content\/uploads\/2015\/07\/image-2-624x416.jpg 624w, https:\/\/dr-kaja.pl\/wp-content\/uploads\/2015\/07\/image-2.jpg 1440w\" sizes=\"auto, (max-width: 300px) 100vw, 300px\" \/><\/a><figcaption id=\"caption-attachment-324\" class=\"wp-caption-text\">www.fotografia-stomatologiczna.pl<\/figcaption><\/figure>\n<figure id=\"attachment_321\" aria-describedby=\"caption-attachment-321\" style=\"width: 200px\" class=\"wp-caption aligncenter\"><a href=\"http:\/\/dr-kaja.pl\/wp-content\/uploads\/2015\/07\/image.jpg\"><img loading=\"lazy\" decoding=\"async\" class=\"size-medium wp-image-321\" src=\"http:\/\/dr-kaja.pl\/wp-content\/uploads\/2015\/07\/image-200x300.jpg\" alt=\"www.fotografia-stomatologiczna.pl\" width=\"200\" height=\"300\" srcset=\"https:\/\/dr-kaja.pl\/wp-content\/uploads\/2015\/07\/image-200x300.jpg 200w, https:\/\/dr-kaja.pl\/wp-content\/uploads\/2015\/07\/image-683x1024.jpg 683w, https:\/\/dr-kaja.pl\/wp-content\/uploads\/2015\/07\/image-624x936.jpg 624w, https:\/\/dr-kaja.pl\/wp-content\/uploads\/2015\/07\/image.jpg 960w\" sizes=\"auto, (max-width: 200px) 100vw, 200px\" \/><\/a><figcaption id=\"caption-attachment-321\" class=\"wp-caption-text\">www.fotografia-stomatologiczna.pl<\/figcaption><\/figure>\n<p style=\"text-align: center;\"><span style=\"color: #999999;\">Sierpie\u0144 2015<\/span><\/p>\n<figure id=\"attachment_312\" aria-describedby=\"caption-attachment-312\" style=\"width: 300px\" class=\"wp-caption aligncenter\"><a href=\"http:\/\/dr-kaja.pl\/wp-content\/uploads\/2015\/07\/zrzut_ekranu_2014-12-01_o_11.38.56.png\"><img loading=\"lazy\" decoding=\"async\" class=\"wp-image-312 size-medium\" src=\"http:\/\/dr-kaja.pl\/wp-content\/uploads\/2015\/07\/zrzut_ekranu_2014-12-01_o_11.38.56-300x79.png\" alt=\"zrzut_ekranu_2014-12-01_o_11.38.56\" width=\"300\" height=\"79\" srcset=\"https:\/\/dr-kaja.pl\/wp-content\/uploads\/2015\/07\/zrzut_ekranu_2014-12-01_o_11.38.56-300x79.png 300w, https:\/\/dr-kaja.pl\/wp-content\/uploads\/2015\/07\/zrzut_ekranu_2014-12-01_o_11.38.56-624x164.png 624w, https:\/\/dr-kaja.pl\/wp-content\/uploads\/2015\/07\/zrzut_ekranu_2014-12-01_o_11.38.56.png 724w\" sizes=\"auto, (max-width: 300px) 100vw, 300px\" \/><\/a><figcaption id=\"caption-attachment-312\" class=\"wp-caption-text\"><span style=\"color: #999999;\"><a style=\"color: #999999;\" href=\"http:\/\/www.portaldentystyczny.pl\/dentysta_roku\">http:\/\/www.portaldentystyczny.pl\/dentysta_roku<\/a><\/span><\/figcaption><\/figure>\n<p><span style=\"color: #999999;\">Z rado\u015bci\u0105 informuj\u0119, \u017ce dzi\u0119ki Pa\u0144stwa g\u0142osom\u00a0uzyska\u0142am tytu\u0142 Dentysty Roku 2015 na terenie woj. \u0142\u00f3dzkiego.<\/span><br \/>\n<span style=\"color: #999999;\"> BARDZO DZI\u0118KUJ\u0118 za\u00a0ka\u017cdy oddany na mnie g\u0142os oraz zaufanie jakim mnie Pa\u0144stwo obdarzaj\u0105.<\/span><br \/>\n<span style=\"color: #999999;\"> To dla mnie zaszczyt gdy kto\u015b m\u00f3wi o mnie &#8222;M\u00f3j Dentysta&#8221;. \ud83d\ude42<\/span><\/p>\n<p>&nbsp;<\/p>\n<p><span style=\"color: #999999;\">Czerwiec 2015<\/span><br \/>\n<span style=\"color: #999999;\"> Klinika Stomatologiczna Hollywood Smile\u00a0zg\u0142osi\u0142a mnie w tym roku do konkursu o tytu\u0142 &#8222;Dentysty Roku&#8221;.Je\u015bli kto\u015b z Pa\u0144stwa mnie pozna\u0142 i got\u00f3w by\u0142by odda\u0107 na mnie sw\u00f3j g\u0142os, b\u0119d\u0119 wdzi\u0119czna \ud83d\ude42 . Instrukcja g\u0142osowania poni\u017cej, a dla u\u0142atwienia podaj\u0119 r\u00f3wnie\u017c link : http:\/\/www.portaldentystyczny.pl\/dentysta_roku\/glosuj<\/span><br \/>\n<span style=\"color: #999999;\"> Nowych Pacjent\u00f3w zapraszam na wizyty, by mogli sprawdzi\u0107 czy na ich g\u0142os zas\u0142uguj\u0119.<\/span><br \/>\n<span style=\"color: #999999;\"> G\u0142osowanie trwa do 13 sierpnia 2015r.<\/span><\/p>\n<p>&nbsp;<\/p>\n","protected":false},"excerpt":{"rendered":"<p>Wrzesie\u0144 2015 11 wrze\u015bnia w Poznaniu mia\u0142a miejsce uroczysta gala &hellip; <\/p>\n","protected":false},"author":1,"featured_media":0,"parent":0,"menu_order":0,"comment_status":"open","ping_status":"open","template":"","meta":{"footnotes":""},"class_list":["post-301","page","type-page","status-publish","hentry"],"_links":{"self":[{"href":"https:\/\/dr-kaja.pl\/index.php?rest_route=\/wp\/v2\/pages\/301","targetHints":{"allow":["GET"]}}],"collection":[{"href":"https:\/\/dr-kaja.pl\/index.php?rest_route=\/wp\/v2\/pages"}],"about":[{"href":"https:\/\/dr-kaja.pl\/index.php?rest_route=\/wp\/v2\/types\/page"}],"author":[{"embeddable":true,"href":"https:\/\/dr-kaja.pl\/index.php?rest_route=\/wp\/v2\/users\/1"}],"replies":[{"embeddable":true,"href":"https:\/\/dr-kaja.pl\/index.php?rest_route=%2Fwp%2Fv2%2Fcomments&post=301"}],"version-history":[{"count":19,"href":"https:\/\/dr-kaja.pl\/index.php?rest_route=\/wp\/v2\/pages\/301\/revisions"}],"predecessor-version":[{"id":613,"href":"https:\/\/dr-kaja.pl\/index.php?rest_route=\/wp\/v2\/pages\/301\/revisions\/613"}],"wp:attachment":[{"href":"https:\/\/dr-kaja.pl\/index.php?rest_route=%2Fwp%2Fv2%2Fmedia&parent=301"}],"curies":[{"name":"wp","href":"https:\/\/api.w.org\/{rel}","templated":true}]}}