{"id":16,"date":"2014-02-16T19:40:25","date_gmt":"2014-02-16T19:40:25","guid":{"rendered":"http:\/\/dr-kaja.nazwa.pl\/instalator\/wordpress\/?page_id=16"},"modified":"2024-11-04T13:18:21","modified_gmt":"2024-11-04T13:18:21","slug":"uniwersytet-medyczny","status":"publish","type":"page","link":"https:\/\/dr-kaja.pl\/?page_id=16","title":{"rendered":"Uniwersytet Medyczny"},"content":{"rendered":"<p><a href=\"https:\/\/dr-kaja.pl\/wp-content\/uploads\/2024\/11\/DSC04760tr2-scaled.jpg\"><img loading=\"lazy\" decoding=\"async\" class=\"wp-image-1092 size-medium alignright\" src=\"https:\/\/dr-kaja.pl\/wp-content\/uploads\/2024\/11\/DSC04760tr2-222x300.jpg\" alt=\"\" width=\"222\" height=\"300\" srcset=\"https:\/\/dr-kaja.pl\/wp-content\/uploads\/2024\/11\/DSC04760tr2-222x300.jpg 222w, https:\/\/dr-kaja.pl\/wp-content\/uploads\/2024\/11\/DSC04760tr2-758x1024.jpg 758w, https:\/\/dr-kaja.pl\/wp-content\/uploads\/2024\/11\/DSC04760tr2-768x1038.jpg 768w, https:\/\/dr-kaja.pl\/wp-content\/uploads\/2024\/11\/DSC04760tr2-1136x1536.jpg 1136w, https:\/\/dr-kaja.pl\/wp-content\/uploads\/2024\/11\/DSC04760tr2-1515x2048.jpg 1515w, https:\/\/dr-kaja.pl\/wp-content\/uploads\/2024\/11\/DSC04760tr2-44x60.jpg 44w, https:\/\/dr-kaja.pl\/wp-content\/uploads\/2024\/11\/DSC04760tr2-scaled.jpg 1894w\" sizes=\"auto, (max-width: 222px) 100vw, 222px\" \/><\/a><\/p>\n<p>Od 2007 roku pracuj\u0119 w Zak\u0142adzie Stomatologii Og\u00f3lnej Uniwersytetu Medycznego w \u0141odzi, najpierw jako asystent, aktualnie &#8211; <strong>adiunkt<\/strong>.<br \/>\nKontakt ze studentami poza mo\u017cliwo\u015bci\u0105 dzielenia si\u0119 swoj\u0105 wiedz\u0105, daje mi zastrzyk pozytywnej energii zwi\u0119kszaj\u0105c ch\u0119ci do w\u0142asnego rozwoju.<\/p>\n<p>Jestem autorem\/wsp\u00f3\u0142autorem artyku\u0142\u00f3w publikowanych w prasie naukowej oraz prezentowanych na konferencjach, obejmuj\u0105cych tematyk\u0105 sfery moich zainteresowa\u0144 naukowych (<a title=\"Publikacje\" href=\"http:\/\/dr-kaja.nazwa.pl\/instalator\/wordpress\/?page_id=12\">publikacje<\/a>).<\/p>\n<p>Swoj\u0105 wiedz\u0119 poszerzam r\u00f3wnie\u017c w zakresie dydaktyki uczestnicz\u0105c w\u00a0<strong>Warsztatach Edukacji Medycznej<\/strong>\u00a0organizowanych przez Uniwersytet Medyczny (<a title=\"Certyfikaty\" href=\"http:\/\/dr-kaja.nazwa.pl\/instalator\/wordpress\/?page_id=41\">certyfikaty<\/a>).<\/p>\n<p><a href=\"http:\/\/dr-kaja.pl\/wp-content\/uploads\/2014\/02\/enamel_2010.jpg\"><img loading=\"lazy\" decoding=\"async\" class=\"alignleft wp-image-68 size-thumbnail\" src=\"http:\/\/dr-kaja.pl\/wp-content\/uploads\/2014\/02\/enamel_2010-150x150.jpg\" alt=\"enamel_2010\" width=\"150\" height=\"150\" \/><\/a><\/p>\n<p>.<br \/>\nW latach (2005-2010) koordynowa\u0142am konkurs odbudowy estetycznej z\u0119b\u00f3w kierowany do student\u00f3w ostatniego roku stomatologii, organizowany przez firm\u0119 Micerium. 14.VI.2010 r. we W\u0142oszech, w Chieti, \u015bwi\u0119towali\u015bmy z moim studentem zwyci\u0119stwo w europejskim etapie konkursu. (Jules Allemand Trophy VI\u00b0 International Championship).<\/p>\n","protected":false},"excerpt":{"rendered":"<p>Od 2007 roku pracuj\u0119 w Zak\u0142adzie Stomatologii Og\u00f3lnej Uniwersytetu Medycznego &hellip; <\/p>\n","protected":false},"author":1,"featured_media":0,"parent":0,"menu_order":0,"comment_status":"open","ping_status":"open","template":"","meta":{"footnotes":""},"class_list":["post-16","page","type-page","status-publish","hentry"],"_links":{"self":[{"href":"https:\/\/dr-kaja.pl\/index.php?rest_route=\/wp\/v2\/pages\/16","targetHints":{"allow":["GET"]}}],"collection":[{"href":"https:\/\/dr-kaja.pl\/index.php?rest_route=\/wp\/v2\/pages"}],"about":[{"href":"https:\/\/dr-kaja.pl\/index.php?rest_route=\/wp\/v2\/types\/page"}],"author":[{"embeddable":true,"href":"https:\/\/dr-kaja.pl\/index.php?rest_route=\/wp\/v2\/users\/1"}],"replies":[{"embeddable":true,"href":"https:\/\/dr-kaja.pl\/index.php?rest_route=%2Fwp%2Fv2%2Fcomments&post=16"}],"version-history":[{"count":15,"href":"https:\/\/dr-kaja.pl\/index.php?rest_route=\/wp\/v2\/pages\/16\/revisions"}],"predecessor-version":[{"id":1097,"href":"https:\/\/dr-kaja.pl\/index.php?rest_route=\/wp\/v2\/pages\/16\/revisions\/1097"}],"wp:attachment":[{"href":"https:\/\/dr-kaja.pl\/index.php?rest_route=%2Fwp%2Fv2%2Fmedia&parent=16"}],"curies":[{"name":"wp","href":"https:\/\/api.w.org\/{rel}","templated":true}]}}