{"id":14,"date":"2014-02-16T19:38:48","date_gmt":"2014-02-16T19:38:48","guid":{"rendered":"http:\/\/dr-kaja.nazwa.pl\/instalator\/wordpress\/?page_id=14"},"modified":"2024-11-04T13:16:34","modified_gmt":"2024-11-04T13:16:34","slug":"stomatologia","status":"publish","type":"page","link":"https:\/\/dr-kaja.pl\/","title":{"rendered":"Stomatologia"},"content":{"rendered":"<p><a href=\"https:\/\/dr-kaja.pl\/wp-content\/uploads\/2024\/11\/DSC04760tr2-scaled.jpg\"><img loading=\"lazy\" decoding=\"async\" class=\"wp-image-1092 size-medium alignleft\" src=\"https:\/\/dr-kaja.pl\/wp-content\/uploads\/2024\/11\/DSC04760tr2-222x300.jpg\" alt=\"\" width=\"222\" height=\"300\" srcset=\"https:\/\/dr-kaja.pl\/wp-content\/uploads\/2024\/11\/DSC04760tr2-222x300.jpg 222w, https:\/\/dr-kaja.pl\/wp-content\/uploads\/2024\/11\/DSC04760tr2-758x1024.jpg 758w, https:\/\/dr-kaja.pl\/wp-content\/uploads\/2024\/11\/DSC04760tr2-768x1038.jpg 768w, https:\/\/dr-kaja.pl\/wp-content\/uploads\/2024\/11\/DSC04760tr2-1136x1536.jpg 1136w, https:\/\/dr-kaja.pl\/wp-content\/uploads\/2024\/11\/DSC04760tr2-1515x2048.jpg 1515w, https:\/\/dr-kaja.pl\/wp-content\/uploads\/2024\/11\/DSC04760tr2-44x60.jpg 44w, https:\/\/dr-kaja.pl\/wp-content\/uploads\/2024\/11\/DSC04760tr2-scaled.jpg 1894w\" sizes=\"auto, (max-width: 222px) 100vw, 222px\" \/><\/a>Od 2004 roku jestem\u00a0<strong>LEKARZEM DENTYST\u0104<\/strong>, absolwentk\u0105 Uniwersytetu Medycznego\u00a0w \u0141odzi.<br \/>W 2010 roku uzyska\u0142am stopie\u0144 naukowy <strong>doktora nauk medycznych<\/strong> w zakresie stomatologii, a w 2012 roku &#8211;<span style=\"line-height: 1.714285714; font-size: 1rem;\">\u00a0tytu\u0142<strong> specjalisty w dziedzinie protetyka stomatologiczna<\/strong>.<br \/><\/span>Praktyka pod opiek\u0105 profesora Stanis\u0142awa Suliborskiego i doktora Tomasza Biskupskiego ukszta\u0142towa\u0142a m\u00f3j model wsp\u00f3\u0142pracy z pacjentem. Na ka\u017cdego pacjenta patrz\u0119 holistycznie. W przypadku leczenia kompleksowego przygotowuj\u0119 dla pacjenta indywidualny plan leczenia, kt\u00f3ry nast\u0119pnie wraz z nim analizuj\u0119. <br \/>Dla realizacji cel\u00f3w protetycznych wsp\u00f3\u0142pracuj\u0119 z wysokiej klasy pracowniami techniki dentystycznej.<br \/><br \/><a href=\"https:\/\/dr-kaja.pl\/wp-content\/uploads\/2014\/02\/PASE-cz\u0142onkowstwo.jpg\"><img loading=\"lazy\" decoding=\"async\" class=\"size-thumbnail wp-image-775 alignright\" src=\"https:\/\/dr-kaja.pl\/wp-content\/uploads\/2014\/02\/PASE-cz\u0142onkowstwo-150x150.jpg\" alt=\"\" width=\"150\" height=\"150\" srcset=\"https:\/\/dr-kaja.pl\/wp-content\/uploads\/2014\/02\/PASE-cz\u0142onkowstwo-150x150.jpg 150w, https:\/\/dr-kaja.pl\/wp-content\/uploads\/2014\/02\/PASE-cz\u0142onkowstwo-750x750.jpg 750w, https:\/\/dr-kaja.pl\/wp-content\/uploads\/2014\/02\/PASE-cz\u0142onkowstwo-160x160.jpg 160w\" sizes=\"auto, (max-width: 150px) 100vw, 150px\" \/><\/a>Jestem cz\u0142onkiem<strong> Polskiej Akademii Stomatologii Estetycznej<\/strong><br \/><br \/>Regularnie poszerzam moj\u0105 wiedz\u0119 i umiej\u0119tno\u015bci praktyczne uczestnicz\u0105c w licznych kursach i konferencjach w kraju i za granic\u0105.\u00a0 Wi\u0119cej w zak\u0142adce &#8222;certyfikaty&#8221;.\u00a0<br \/><br \/>O mojej zawodowej pasji mog\u0105 Pa\u0144stwo przeczyta\u0107 w artykule &#8222;Moja droga do Sukcesu&#8221;, kt\u00f3ry ukaza\u0142 si\u0119 w Biuletynie Uniwersytetu Medycznego w \u0141odzi\u00a0(numer 5\/2017 str. 20-22)<br \/><br \/><a href=\"http:\/\/dr-kaja.pl\/wp-content\/uploads\/2017\/12\/Bez-nazwysuma.png\"><img loading=\"lazy\" decoding=\"async\" width=\"300\" height=\"127\" class=\"size-medium wp-image-766 aligncenter\" src=\"http:\/\/dr-kaja.pl\/wp-content\/uploads\/2017\/12\/Bez-nazwysuma-300x127.png\" alt=\"\" srcset=\"https:\/\/dr-kaja.pl\/wp-content\/uploads\/2017\/12\/Bez-nazwysuma-300x127.png 300w, https:\/\/dr-kaja.pl\/wp-content\/uploads\/2017\/12\/Bez-nazwysuma-768x324.png 768w, https:\/\/dr-kaja.pl\/wp-content\/uploads\/2017\/12\/Bez-nazwysuma-1024x433.png 1024w, https:\/\/dr-kaja.pl\/wp-content\/uploads\/2017\/12\/Bez-nazwysuma-1310x553.png 1310w, https:\/\/dr-kaja.pl\/wp-content\/uploads\/2017\/12\/Bez-nazwysuma-800x338.png 800w\" sizes=\"auto, (max-width: 300px) 100vw, 300px\" \/><\/a><\/p>\n\n\n<figure class=\"wp-block-image size-large\"><a href=\"https:\/\/dr-kaja.pl\/wp-content\/uploads\/2024\/03\/drkaja.png\"><img loading=\"lazy\" decoding=\"async\" width=\"1024\" height=\"579\" src=\"https:\/\/dr-kaja.pl\/wp-content\/uploads\/2024\/03\/drkaja-1024x579.png\" alt=\"\" class=\"wp-image-1067\" srcset=\"https:\/\/dr-kaja.pl\/wp-content\/uploads\/2024\/03\/drkaja-1024x579.png 1024w, https:\/\/dr-kaja.pl\/wp-content\/uploads\/2024\/03\/drkaja-300x170.png 300w, https:\/\/dr-kaja.pl\/wp-content\/uploads\/2024\/03\/drkaja-768x434.png 768w, https:\/\/dr-kaja.pl\/wp-content\/uploads\/2024\/03\/drkaja-106x60.png 106w, https:\/\/dr-kaja.pl\/wp-content\/uploads\/2024\/03\/drkaja.png 1173w\" sizes=\"auto, (max-width: 1024px) 100vw, 1024px\" \/><\/a><\/figure>\n\n\n","protected":false},"excerpt":{"rendered":"<p>Od 2004 roku jestem\u00a0LEKARZEM DENTYST\u0104, absolwentk\u0105 Uniwersytetu Medycznego\u00a0w \u0141odzi.W 2010 &hellip; <\/p>\n","protected":false},"author":1,"featured_media":0,"parent":0,"menu_order":0,"comment_status":"open","ping_status":"open","template":"","meta":{"footnotes":""},"class_list":["post-14","page","type-page","status-publish","hentry"],"_links":{"self":[{"href":"https:\/\/dr-kaja.pl\/index.php?rest_route=\/wp\/v2\/pages\/14","targetHints":{"allow":["GET"]}}],"collection":[{"href":"https:\/\/dr-kaja.pl\/index.php?rest_route=\/wp\/v2\/pages"}],"about":[{"href":"https:\/\/dr-kaja.pl\/index.php?rest_route=\/wp\/v2\/types\/page"}],"author":[{"embeddable":true,"href":"https:\/\/dr-kaja.pl\/index.php?rest_route=\/wp\/v2\/users\/1"}],"replies":[{"embeddable":true,"href":"https:\/\/dr-kaja.pl\/index.php?rest_route=%2Fwp%2Fv2%2Fcomments&post=14"}],"version-history":[{"count":84,"href":"https:\/\/dr-kaja.pl\/index.php?rest_route=\/wp\/v2\/pages\/14\/revisions"}],"predecessor-version":[{"id":1096,"href":"https:\/\/dr-kaja.pl\/index.php?rest_route=\/wp\/v2\/pages\/14\/revisions\/1096"}],"wp:attachment":[{"href":"https:\/\/dr-kaja.pl\/index.php?rest_route=%2Fwp%2Fv2%2Fmedia&parent=14"}],"curies":[{"name":"wp","href":"https:\/\/api.w.org\/{rel}","templated":true}]}}