{"id":12,"date":"2014-02-16T19:38:15","date_gmt":"2014-02-16T19:38:15","guid":{"rendered":"http:\/\/dr-kaja.nazwa.pl\/instalator\/wordpress\/?page_id=12"},"modified":"2022-08-13T18:07:17","modified_gmt":"2022-08-13T18:07:17","slug":"publikacje","status":"publish","type":"page","link":"https:\/\/dr-kaja.pl\/?page_id=12","title":{"rendered":"Publikacje"},"content":{"rendered":"<p><strong><em><strong>1. Wp\u0142yw warunk\u00f3w polimeryzacyjnych materia\u0142\u00f3w kompozytowych na stopie\u0144 ich twardo\u015bci.<\/strong><\/em><br \/>\n<\/strong><em>Autor: Kaja Wichrowska<\/em><br \/>\n<strong><em>Rozprawa doktorska,\u00a0Uniwersytet Medyczny w \u0141odzi, 2009\u00a0<\/em><\/strong><\/p>\n<p><em><strong>2. Depresja &#8211; czynnik wp\u0142ywaj\u0105cy na brak efektywno\u015bci leczenia protetycznego (doniesienie wst\u0119pne) &#8211; cz\u0119\u015b\u0107 I.<\/strong><\/em><br \/>\n<em>Autorzy: Maciej Romanowicz, Krzysztof Drobnik, Kaja Wichrowska<\/em><br \/>\n<em>Protet. Stom. Szczeg\u00f3\u0142y: 2005 : T. 55, nr 3, s. 169-173<\/em><br \/>\n<b><\/b><em><strong>3. Analiza okluzji &#8211; badanie obiektywne czy subiektywne?<\/strong><\/em><br \/>\n<em>Autorzy: Monika \u0141ukomska-Szyma\u0144ska, Wojciech Szyma\u0144ski, Kaja Wichrowska, Stanis\u0142aw Suliborski<\/em><br \/>\n<em>Porad. Stom. Szczeg\u00f3\u0142y: 2005 : R. 7, nr 10, s. 4-7<\/em><\/p>\n<p><b><\/b><em><strong>4. Wype\u0142nienia bez podk\u0142ad\u00f3w wykonane z materia\u0142\u00f3w kompozytowych &#8211; kliniczna ocena jako\u015bci wype\u0142nie\u0144.<\/strong><\/em><br \/>\n<em>Autorzy: Tomasz Biskupski, Kaja Wichrowska<\/em><br \/>\n<em>Nowoczesny Tech. Dent. Szczeg\u00f3\u0142y: 2006 : wyd. spec., s. 21-26<\/em><br \/>\n<em><strong>5. Rola &#8222;szeroko\u015bci biologicznej&#8221; w stomatologii odtw\u00f3rczej.<\/strong><\/em><br \/>\n<em>Autorzy: Kaja Wichrowska, Tomasz Biskupski<\/em><br \/>\n<em>Protet. Stom. Szczeg\u00f3\u0142y: 2006 : T. 56, nr 2, s. 98-104<\/em><br \/>\n<b><\/b><em><strong>6. Nat\u0119\u017cenie \u015bwiat\u0142a lampy polimeryzacyjnej a jako\u015b\u0107 wype\u0142nie\u0144 kompozytowych.<\/strong><\/em><br \/>\n<em>Autorzy: Kaja Wichrowska, Tomasz Biskupski<\/em><br \/>\n<em>Nowoczesny Tech. Dent. Szczeg\u00f3\u0142y: 2006 : wyd. spec., s. 268-273<\/em><\/p>\n<p><b><\/b><em><strong>7. Zastosowanie nanoindentacji i metody Vickersa do oceny twardo\u015bci dentystycznych materia\u0142\u00f3w kompozytowych.<\/strong><\/em><br \/>\n<em>Autorzy: Kaja Wichrowska, Joanna Kleczewska, Jerzy Soko\u0142owski, Dariusz Bieli\u0144ski\u00a0<\/em><br \/>\n<em>Nowoczesny Tech. Dent. Szczeg\u00f3\u0142y: 2007 : wyd. spec., s. 156-160<\/em><\/p>\n<p><em><br \/>\n<strong>8. Wp\u0142yw wybielania za pomoc\u0105 nadtlenku karbamidu na twardo\u015b\u0107 dentystycznych materia\u0142\u00f3w kompozytowych.<\/strong><\/em><br \/>\n<em>Autorzy: Kaja Wichrowska, Joanna Kleczewska, Dariusz Bieli\u0144ski, Monika \u0141ukomska-Szyma\u0144ska, Jerzy Soko\u0142owski<\/em><br \/>\n<em>Tytu\u0142 ca\u0142o\u015bci: W: II Mi\u0119dzynarodowa Konferencja Naukowo-Szkoleniowa &#8222;\u015arodowiskowe uwarunkowania stanu zdrowia jamy ustnej. Osi\u0105gni\u0119cia wsp\u00f3\u0142czesnej stomatologii&#8221; Na\u0142\u0119cz\u00f3w 24-26 kwietnia 2008 : streszczenia. \u0179r\u00f3d\u0142o-miejsce: Lublin, 2008 Strony: s. 273\u00a0<\/em><br \/>\n<em><strong>9. Wp\u0142yw jako\u015bci powierzchni ko\u0144c\u00f3wki \u015bwiat\u0142owodu i czasu pracy lampy polimeryzacyjnej na warto\u015b\u0107 nat\u0119\u017cenia \u015bwiat\u0142a lamp polimeryzacyjnych.<br \/>\n<\/strong>Autorzy: Kaja Wichrowska, Jerzy Soko\u0142owski<\/em><br \/>\n<em>Tytu\u0142 ca\u0142o\u015bci: W: Mi\u0119dzynarodowa Konferencja Naukowa Sekcji Periodontologii Polskiego Towarzystwa Stomatologicznego \u015arodowisko a stan jamy ustnej. Post\u0119py w diagnostyce i leczeniu chor\u00f3b przyz\u0119bia i b\u0142ony \u015bluzowej jamy ustnej Bia\u0142ystok 18-20 wrze\u015bnia 2008. \u0179r\u00f3d\u0142o-miejsce: Bia\u0142ystok, 2008 Strony: s. [1]<\/em><br \/>\n<em><strong>10. Materia\u0142owe aspekty podatno\u015bci polimerowych kompozyt\u00f3w dentystycznych na zu\u017cycie \u015bcierne.<br \/>\n<\/strong>Autorzy: Joanna Kleczewska, Dariusz Bieli\u0144ski, Jerzy Soko\u0142owski, Agnieszka Pacyk, Kaja Wichrowska<\/em><br \/>\n<em>Tytu\u0142 ca\u0142o\u015bci: W: II Mi\u0119dzynarodowa Konferencja Naukowo-Szkoleniowa &#8222;\u015arodowiskowe uwarunkowania stanu zdrowia jamy ustnej. Osi\u0105gni\u0119cia wsp\u00f3\u0142czesnej stomatologii&#8221; Na\u0142\u0119cz\u00f3w 24-26 kwietnia 2008 : streszczenia. \u0179r\u00f3d\u0142o-miejsce: Lublin, 2008 Strony: s. 365\u00a0<\/em><br \/>\n<em><strong>11. Material aspects of abrasion of polymer dental composites.<br \/>\n<\/strong>Autorzy: Joanna Kleczewska, Dariusz Marian Bieli\u0144ski, Jerzy Soko\u0142owski, Agnieszka Pacyk, Kaja Wichrowska<\/em><br \/>\n<em>Pol. J. Environ. Stud. Szczeg\u00f3\u0142y: 2008 : Vol. 17, nr 6A part 1, s. 280-291<br \/>\n<strong>12. Effects of carbamide peroxide whitening agent on the hardness of dental composite materials.<br \/>\n<\/strong>Autorzy: Kaja Wichrowska, Dariusz Bieli\u0144ski, Joanna Kleczewska, Monika \u0141ukomska-Szyma\u0144ska, Jerzy Soko\u0142owski<\/em><br \/>\n<em>Pol. J. Environ. Stud. Szczeg\u00f3\u0142y: 2008 : Vol. 17, nr 6A part 2, s. 23-29<\/em><\/p>\n<p><em><br \/>\n<strong>13. Jako\u015bci powierzchni ko\u0144c\u00f3wki \u015bwiat\u0142owodu na warto\u015b\u0107 nat\u0119\u017cenia \u015bwiat\u0142a halogenowej lampy polimeryzacyjnej.<br \/>\n<\/strong>Autorzy:\u00a0Kaja Wichrowska, Jerzy Soko\u0142owski<\/em><br \/>\n<em>Dent. Med. Probl. Szczeg\u00f3\u0142y: 2010, 47, 3, 309\u2013313<\/em><\/p>\n<p><em><br \/>\n<strong>14. Cz\u0119sto\u015b\u0107 wyst\u0119powania uraz\u00f3w z\u0119b\u00f3w przednich u niepe\u0142nosprawnych intelektualnie sportowc\u00f3w Olimpiad Specjalnych wybranych kraj\u00f3w Europy i Azji.<br \/>\n<\/strong>Autorzy:\u00a0Kaja Wichrowska, Katarzyna Fabja\u0144ska, Halina Pawlicka<\/em><br \/>\n<em>Dent. Med. Probl. Szczeg\u00f3\u0142y: 2011 : Vol. 48, nr 4, s. 490-495<br \/>\n<strong>15. Cz\u0119sto\u015b\u0107 wyst\u0119powania brak\u00f3w z\u0119bowych u zawodnik\u00f3w bior\u0105cych udzia\u0142 w V Europejskich Letnich Igrzyskach Olimpiad Specjalnych w Warszawie.<br \/>\n<\/strong> Autor:\u00a0Kaja Wichrowska<\/em><br \/>\n<em>Magazyn Stom. Szczeg\u00f3\u0142y: 9\/2013\/ONLINE 194-198<\/em><\/p>\n<p><em><br \/>\n<strong>16. Ocena nat\u0119\u017cenia \u015bwiat\u0142a lamp polimeryzacyjnych w zale\u017cno\u015bci od k\u0105ta ustawienia ko\u0144c\u00f3wki \u015bwiat\u0142owodu.<br \/>\n<\/strong> Autor:\u00a0Kaja Wichrowska<\/em><br \/>\n<em>Magazyn Stom. 1\/2014\/ONLINE 99-103<\/em><a href=\"http:\/\/www.magazyn-stomatologiczny.pl\/artykuly\/_ocena-natezenia-swiatla-lamp-polimeryzacyjnych-w-zaleznosci-od-kata-ustawienia-koncowki-sw\"><br \/>\n<\/a><em><strong>17. Stan zdrowia jamy ustnej zawodnik\u00f3w Olimpiad Specjalnych.<\/strong><\/em><br \/>\n<em>Autor: Kaja Wichrowska, Ma\u0142gorzata Urbaniak, Katarzyna Fabja\u0144ska<\/em><br \/>\n<em>TPS &#8211; Tw\u00f3j Przegl\u0105d Stomatologiczny\u00a0wydanie nr 5\/2014, str.101-103<\/em><br \/>\n<em><strong>18. Ocena wp\u0142ywu k\u0105ta na\u015bwietlania na mikrotwardo\u015b\u0107 \u015bwiat\u0142outwardzalnych materia\u0142\u00f3w kompozytowych.<br \/>\n<\/strong>Autor: Kaja Wichrowska, Jerzy Soko\u0142owski<\/em><br \/>\n<em>E-Dentico,\u00a03(49)\/2014, str.78-85<\/em><\/p>\n<p><em><strong>19. Oral health needs of athletes with intellectual disability in Eastern Europe: Poland, Romania and Slovenia.<br \/>\n<\/strong>Autor:\u00a0Carla Fernandez Rojas,\u00a0Kaja Wichrowska-Rymarek,\u00a0Alenka Pavlic,\u00a0Arina Vinereanu,\u00a0Katarzyna Fabjanska<span style=\"font-size: 10.5px; line-height: 0px;\">,<\/span>\u00a0Imke Kaschke<span style=\"font-size: 10.5px; line-height: 0px;\">,\u00a0<\/span>Luc A.M. Marks<\/em><br \/>\n<em>International Dental Journal 2016; 66: 113\u2013119 (<a href=\"http:\/\/dr-kaja.pl\/wp-content\/uploads\/2014\/02\/idjeastern-europe.12205.pdf\" rel=\"\">idjeastern europe.12205<\/a>)<\/em><\/p>\n<p><em><strong>20. Kompozytowy most adhezyjny jako rozwi\u0105zanie z wyboru w sytuacji utraty z\u0119ba siecznego bocznego szcz\u0119ki.<\/strong><\/em><br \/>\n<em>Autor: Kaja Wichrowska-Rymarek<\/em><br \/>\n<em>Magazyn Stom. 3\/2018\/, str. 12-16<\/em><br \/>\n<em><strong>21. SPECJALISTA RADZI: Naprawa mostu porcelanowego na podbudowie metalowej.<\/strong><\/em><br \/>\n<em>Autor: Kaja Wichrowska-Rymarek<\/em><br \/>\n<em><a href=\"https:\/\/www.magazyn-stomatologiczny.pl\/a4146\/Naprawa-mostu-porcelanowego-na-podbudowie-metalowej.html\">Magazyn Stom. 6\/2018\/, str. 74-76<\/a><\/em><br \/>\n<em><strong>22. SPECJALISTA RADZI: Odbudowa z\u0119ba trzonowego metod\u0105 p\u00f3\u0142po\u015bredni\u0105.<\/strong><\/em><br \/>\n<em>Autor: Kaja Wichrowska-Rymarek<\/em><br \/>\n<em><a href=\"https:\/\/www.magazyn-stomatologiczny.pl\/a4195\/Odbudowa-zeba-trzonowego-metoda-polposrednia.html\">Magazyn Stom. 7-8\/2018\/, str. 92-94.<\/a><\/em><br \/>\n<a href=\"http:\/\/www.magazyn-stomatologiczny.pl\/artykuly\/_ocena-natezenia-swiatla-lamp-polimeryzacyjnych-w-zaleznosci-od-kata-ustawienia-koncowki-sw\"><strong><br \/>\n<\/strong><\/a><em><strong>23. SPECJALISTA RADZI: Zmiana kszta\u0142tu brzeg\u00f3w siecznych z wykorzystaniem materia\u0142u kompozytowego.<\/strong><\/em><br \/>\n<em>Autor: Kaja Wichrowska-Rymarek<\/em><br \/>\n<em><a href=\"https:\/\/www.magazyn-stomatologiczny.pl\/a4418\/Zmiana-ksztaltu-brzegow-siecznych-z-wykorzystaniem-materialu-kompozytowego-.html\">Magazyn Stom. 4\/2019\/, str. 94-97<\/a><\/em><a href=\"http:\/\/www.magazyn-stomatologiczny.pl\/artykuly\/_ocena-natezenia-swiatla-lamp-polimeryzacyjnych-w-zaleznosci-od-kata-ustawienia-koncowki-sw\"><strong><br \/>\n<\/strong><\/a><em><strong>24. Ocena wp\u0142ywu odleg\u0142o\u015bci ko\u0144c\u00f3wki \u015bwiat\u0142owodu lampy polimieryzacyjnej od na\u015bwietlanej powierzchni na warto\u015b\u0107 nat\u0119\u017cenia \u015bwiat\u0142a.<br \/>\n<\/strong>Autor: Kaja Wichrowska-Rymarek, Jerzy Soko\u0142owski<\/em><br \/>\n<em>Magazyn Stom. 7-8\/2019\/, str.76-80.<\/em><br \/>\n<em><strong>25. Ocena wp\u0142ywu \u015brednicy \u015bwiat\u0142owodu lampy polimeryzacyjnej na g\u0142\u0119boko\u015b\u0107 polimeryzacji i twardo\u015b\u0107 wybranych materia\u0142\u00f3w kompozytowych.<br \/>\n<\/strong>Autor: Kaja Wichrowska-Rymarek, Joanna Nowak, Jerzy Soko\u0142owski<\/em><br \/>\n<em>Magazyn Stom. 9\/2019\/, str. 66-72<\/em><br \/>\n<em><strong>26. Kompozytowy most adhezyjny jako rozwi\u0105zanie alternatywne w przypadku braku mo\u017cliwo\u015bci leczenia kompleksowego.<\/strong><strong><br \/>\n<\/strong>Autor: Kaja Wichrowska-Rymarek<\/em><br \/>\n<em>Magazyn Stom. 10\/2019\/, str. 12-15<\/em><br \/>\n<em><strong>27. Zachowawcza odbudowa przetrwa\u0142ego z\u0119ba mlecznego.<br \/>\n<\/strong>Autor: Kaja Wichrowska-Rymarek<\/em><br \/>\n<em>Magazyn Stom. 11\/2019\/, str. 76-80<\/em><br \/>\n<em><strong>28. Naprawa pe\u0142noceramicznej odbudowy z\u0119ba w odcinku przednim.<br \/>\n<\/strong>Magazyn Stom. 12\/2019\/, str. 56-61<\/em><br \/>\n<em>Autor: Kaja Wichrowska-Rymarek<\/em><\/p>\n<p><em><strong>29. Natychmiastowa odbudowa k\u0142a szcz\u0119ki po utracie przetrwa\u0142ego z\u0119ba mlecznego.<br \/>\n<\/strong>Magazyn Stom. 1\/2020\/, str. 38-41<\/em><br \/>\n<em>Autor: Kaja Wichrowska-Rymarek<\/em><br \/>\n<em><strong>30. Odbudowa z\u0119ba siecznego bocznego szcz\u0119ki na wk\u0142adzie z w\u0142\u00f3kna szklanego.<br \/>\n<\/strong>Magazyn Stom. 2\/2020\/, str. 52-55<\/em><br \/>\n<em>Autor: Kaja Wichrowska-Rymarek<\/em><br \/>\n<em><strong>31. Kompromisowa odbudowa z\u0119b\u00f3w siecznych szcz\u0119ki z wykorzystaniem w\u0142\u00f3kna szklanego w celu uzupe\u0142nienia utraconego z\u0119ba.<br \/>\n<\/strong>Magazyn Stom. 3\/2020\/, str. 26-29<\/em><br \/>\n<em>Autor: Kaja Wichrowska-Rymarek<\/em><br \/>\n<em><strong>32. Odbudowa z\u0119b\u00f3w przednich szcz\u0119ki z wykorzystaniem transparentnego indeksu silikonowego.<\/strong><\/em><br \/>\n<em>Magazyn Stom. 5\/2020\/, str. 64-68<\/em><br \/>\n<em>Autor: Kaja Wichrowska-Rymarek<\/em><br \/>\n<em><strong>33. Odbudowa bezpo\u015brednia z\u0119b\u00f3w siecznych szcz\u0119ki z wykorzystaniem dw\u00f3ch rodzaj\u00f3w indeks\u00f3w <\/strong><strong>silikonowych.\u00a0<\/strong><\/em><br \/>\n<em>Autor: Kaja Wichrowska-Rymarek<\/em><br \/>\n<em>Magazyn Stom. 6\/2020\/, str. 30-35<br \/>\n<strong>34<\/strong>. <strong>Pe\u0142noceramiczny most\u00a0 adhezyjny &#8211; zachowawcze podej\u015bcie w przypadku braku mo\u017cliwo\u015bci leczenia implantoprotetycznego.<\/strong><br \/>\nAutor: Kaja Wichrowska-Rymarek<br \/>\nMagazyn Stom. 7-8\/2020\/, str. 70-74<\/em><\/p>\n<p><strong><em>35.<\/em> <em>Z mi\u0142o\u015bci do adhezji.<\/em> Kompozytowa<em> rekonstrukcja korony z\u0119ba trzonowego po leczeniu kana\u0142owym.<\/em><\/strong><em><br \/>\nAutor: Kaja Wichrowska-Rymarek<br \/>\nMagazyn Stom. 1\/2021\/, str. 50-56<br \/>\n<\/em><strong>36.<\/strong> <em><strong>Odbudowa z\u0142amanych z\u0119b\u00f3w siecznych przy\u015brodkowych szcz\u0119ki poprzez adhezyjne doklejenie ich fragment\u00f3w.<br \/>\n<\/strong><\/em><em>Autor: Kaja Wichrowska-Rymarek<br \/>\nMagazyn Stom. 10\/2021\/, str. 44-49<\/em><\/p>\n<p><em><strong>37.<\/strong> <strong>Tymczasowa odbudowa bocznego z\u0119ba siecznego szcz\u0119ki w trakcie leczenia ortodontycznego.<br \/>\n<\/strong>Autor: Kaja Wichrowska-Rymarek<br \/>\nMagazyn Stom. 4\/2022\/, str. 32-40<br \/>\n<\/em><\/p>\n<p><em><strong>38.<\/strong> <\/em><strong><em>Korona tymczasowa jako rozwi\u0105zanie d\u0142ugoczasowe.<\/em><br \/>\n<\/strong><em>Autor: Kaja Wichrowska-Rymarek<br \/>\nMagazyn Stom. 7-8\/2022\/, str. 10-17<\/em><strong><br \/>\n<\/strong><\/p>\n<p><em>\u00a0<\/em><\/p>\n","protected":false},"excerpt":{"rendered":"<p>1. Wp\u0142yw warunk\u00f3w polimeryzacyjnych materia\u0142\u00f3w kompozytowych na stopie\u0144 ich twardo\u015bci. &hellip; <\/p>\n","protected":false},"author":1,"featured_media":0,"parent":0,"menu_order":0,"comment_status":"open","ping_status":"open","template":"","meta":{"footnotes":""},"class_list":["post-12","page","type-page","status-publish","hentry"],"_links":{"self":[{"href":"https:\/\/dr-kaja.pl\/index.php?rest_route=\/wp\/v2\/pages\/12","targetHints":{"allow":["GET"]}}],"collection":[{"href":"https:\/\/dr-kaja.pl\/index.php?rest_route=\/wp\/v2\/pages"}],"about":[{"href":"https:\/\/dr-kaja.pl\/index.php?rest_route=\/wp\/v2\/types\/page"}],"author":[{"embeddable":true,"href":"https:\/\/dr-kaja.pl\/index.php?rest_route=\/wp\/v2\/users\/1"}],"replies":[{"embeddable":true,"href":"https:\/\/dr-kaja.pl\/index.php?rest_route=%2Fwp%2Fv2%2Fcomments&post=12"}],"version-history":[{"count":38,"href":"https:\/\/dr-kaja.pl\/index.php?rest_route=\/wp\/v2\/pages\/12\/revisions"}],"predecessor-version":[{"id":974,"href":"https:\/\/dr-kaja.pl\/index.php?rest_route=\/wp\/v2\/pages\/12\/revisions\/974"}],"wp:attachment":[{"href":"https:\/\/dr-kaja.pl\/index.php?rest_route=%2Fwp%2Fv2%2Fmedia&parent=12"}],"curies":[{"name":"wp","href":"https:\/\/api.w.org\/{rel}","templated":true}]}}