{"id":119,"date":"2014-04-06T19:03:08","date_gmt":"2014-04-06T19:03:08","guid":{"rendered":"http:\/\/dr-kaja.pl\/?page_id=119"},"modified":"2024-01-23T11:16:21","modified_gmt":"2024-01-23T11:16:21","slug":"wyklady","status":"publish","type":"page","link":"https:\/\/dr-kaja.pl\/?page_id=119","title":{"rendered":"Wyk\u0142ady i warsztaty"},"content":{"rendered":"\n<div class=\"wp-block-media-text alignwide is-stacked-on-mobile\" style=\"grid-template-columns:40% auto\"><figure class=\"wp-block-media-text__media\"><img loading=\"lazy\" decoding=\"async\" width=\"1024\" height=\"576\" src=\"https:\/\/dr-kaja.pl\/wp-content\/uploads\/2017\/10\/22531972_1581101361946905_1634223280_o-1024x576.jpg\" alt=\"\" class=\"wp-image-714 size-full\" srcset=\"https:\/\/dr-kaja.pl\/wp-content\/uploads\/2017\/10\/22531972_1581101361946905_1634223280_o-1024x576.jpg 1024w, https:\/\/dr-kaja.pl\/wp-content\/uploads\/2017\/10\/22531972_1581101361946905_1634223280_o-300x169.jpg 300w, https:\/\/dr-kaja.pl\/wp-content\/uploads\/2017\/10\/22531972_1581101361946905_1634223280_o-768x432.jpg 768w, https:\/\/dr-kaja.pl\/wp-content\/uploads\/2017\/10\/22531972_1581101361946905_1634223280_o-1310x737.jpg 1310w, https:\/\/dr-kaja.pl\/wp-content\/uploads\/2017\/10\/22531972_1581101361946905_1634223280_o-800x450.jpg 800w, https:\/\/dr-kaja.pl\/wp-content\/uploads\/2017\/10\/22531972_1581101361946905_1634223280_o.jpg 1920w\" sizes=\"auto, (max-width: 1024px) 100vw, 1024px\" \/><\/figure><div class=\"wp-block-media-text__content\">\n<p>Lubi\u0119 dzieli\u0107 si\u0119 swoim do\u015bwiadczeniem w trakcie wyk\u0142ad\u00f3w i warsztat\u00f3w. <br>Wa\u017cnym elementem ka\u017cdego spotkania\u00a0jest dla mnie dyskusja z jego uczestnikami, kt\u00f3ra poszerza horyzonty my\u015blenia oraz daje satysfakcj\u0119 z zainteresowania tematem.<br>W pracy klinicznej, za zgod\u0105 pacjenta, korzystam ze sprz\u0119tu fotograficznego, dzi\u0119ki czemu, nie tylko prowadz\u0119 dokumentacj\u0119 medyczn\u0105, planuj\u0119 leczenie, ale mam te\u017c mo\u017cliwo\u015b\u0107 przedstawienia mojej pracy klinicznej wi\u0119kszemu gronu odbiorc\u00f3w.<br><br>Przyk\u0142adowe tematy moich wyk\u0142ad\u00f3w:<br>&#8211; <strong>Odbudowy adhezyjne &#8211; sprawdzone sposoby na sukces w codziennej pracy klinicznej.<br><\/strong>&#8211; <strong>Odbudowy adhezyjne &#8211; rozwi\u0105zania klasyczne czy obarczone ryzykiem?<br><\/strong>&#8211; <strong>Mosty Atraumatyczne, Estetyczne, Trwa\u0142e.<\/strong><\/p>\n\n\n\n<p>webinar: <\/p>\n<\/div><\/div>\n\n\n\n<div class=\"wp-block-media-text alignwide is-stacked-on-mobile\" style=\"grid-template-columns:40% auto\"><figure class=\"wp-block-media-text__media\"><img loading=\"lazy\" decoding=\"async\" width=\"597\" height=\"900\" src=\"https:\/\/dr-kaja.pl\/wp-content\/uploads\/2017\/10\/DSC_0116.jpg\" alt=\"\" class=\"wp-image-728 size-full\" srcset=\"https:\/\/dr-kaja.pl\/wp-content\/uploads\/2017\/10\/DSC_0116.jpg 597w, https:\/\/dr-kaja.pl\/wp-content\/uploads\/2017\/10\/DSC_0116-199x300.jpg 199w\" sizes=\"auto, (max-width: 597px) 100vw, 597px\" \/><\/figure><div class=\"wp-block-media-text__content\">\n<p><strong><br><\/strong>Przyk\u0142adowe tematy warsztat\u00f3w praktycznych:<\/p>\n\n\n\n<p><strong>&#8211; \u201eTOKUYEMY\u201d<\/strong><em><strong> : Bezpo\u015brednie odbudowy z\u0119b\u00f3w przednich \u2013 jak \u0142atwo uwierzy\u0107 w swoje mo\u017cliwo\u015bci.<\/strong>&#8211; warsztat praktyczny. W linku znajd\u0105 Pa\u0144stwo przyk\u0142adowe <a href=\"http:\/\/dr-kaja.pl\/wp-content\/uploads\/2014\/04\/Zaproszenia-Zielona-G%C3%B3ra.pdf\">zaproszenie<\/a> do jednego z miast.<\/em><br>&#8211; <strong>Make the most of AET by Kaja Wichrowska<\/strong>&#8211;<strong>Rymarek<\/strong><em><a href=\"https:\/\/dr-kaja.pl\/wp-content\/uploads\/2022\/07\/make_the_most_of_this_AET.png\"><\/a><strong>&#8211; <\/strong>warsztat dotycz\u0105cy odbud\u00f3w w odcinku przednim &#8211; w ofercie od pa\u017adziernika 2017 roku. W linku znajd\u0105 Pa\u0144stwo <a href=\"http:\/\/dr-kaja.pl\/wp-content\/uploads\/2014\/04\/Zaproszenie-AET-Warszawa.pdf\">Zaproszenie na warsztaty AET<\/a>&nbsp;gdzie odby\u0142a si\u0119 premiera warsztatu.<\/em><br>&#8211; <strong>PUZZLE STOMATOLOGICZNE <em>Dentysta-Czas-Ekonomia<\/em><\/strong> &#8211; warsztat praktyczny<br>&#8211; <strong>PRAKTYCZNIE x2 <em>Codzienna stomatologia adhezyjna w aspekcie koszt\u00f3w i czasu pracy lekarza dentysty<\/em><\/strong> &#8211; rozbudowany warsztat praktyczny oparty na przypadkach z pracy klinicznej.<\/p>\n<\/div><\/div>\n\n\n\n<div class=\"wp-block-media-text alignwide is-stacked-on-mobile\"><figure class=\"wp-block-media-text__media\"><img loading=\"lazy\" decoding=\"async\" width=\"844\" height=\"484\" src=\"https:\/\/dr-kaja.pl\/wp-content\/uploads\/2024\/01\/Zrzut-ekranu-2024-01-23-121039.png\" alt=\"\" class=\"wp-image-1059 size-full\" srcset=\"https:\/\/dr-kaja.pl\/wp-content\/uploads\/2024\/01\/Zrzut-ekranu-2024-01-23-121039.png 844w, https:\/\/dr-kaja.pl\/wp-content\/uploads\/2024\/01\/Zrzut-ekranu-2024-01-23-121039-300x172.png 300w, https:\/\/dr-kaja.pl\/wp-content\/uploads\/2024\/01\/Zrzut-ekranu-2024-01-23-121039-768x440.png 768w, https:\/\/dr-kaja.pl\/wp-content\/uploads\/2024\/01\/Zrzut-ekranu-2024-01-23-121039-105x60.png 105w\" sizes=\"auto, (max-width: 844px) 100vw, 844px\" \/><\/figure><div class=\"wp-block-media-text__content\">\n<p>Webinar na platformie <br>Tokuyama Dental Academy dost\u0119pny po rejestracji pod linkiem: <a href=\"https:\/\/www.tokuyamadentalacademy.com\/webinar\/dentistry-through-an-hourglass-efficiency-tipps-tricks-from-clinical-practice\/\">https:\/\/www.tokuyamadentalacademy.com\/webinar\/dentistry-through-an-hourglass-efficiency-tipps-tricks-from-clinical-practice\/<\/a><\/p>\n<\/div><\/div>\n\n\n\n<div class=\"wp-block-media-text alignwide is-stacked-on-mobile\" style=\"grid-template-columns:40% auto\"><figure class=\"wp-block-media-text__media\"><img loading=\"lazy\" decoding=\"async\" width=\"542\" height=\"846\" src=\"https:\/\/dr-kaja.pl\/wp-content\/uploads\/2014\/02\/15178136_1364593006884707_4172415906671529956_n.jpg\" alt=\"\" class=\"wp-image-527 size-full\" srcset=\"https:\/\/dr-kaja.pl\/wp-content\/uploads\/2014\/02\/15178136_1364593006884707_4172415906671529956_n.jpg 542w, https:\/\/dr-kaja.pl\/wp-content\/uploads\/2014\/02\/15178136_1364593006884707_4172415906671529956_n-192x300.jpg 192w\" sizes=\"auto, (max-width: 542px) 100vw, 542px\" \/><\/figure><div class=\"wp-block-media-text__content\">\n<p>Wyk\u0142ady prowadz\u0119 r\u00f3wnie\u017c w ramach mojej dzia\u0142alno\u015bci w Olimpiadach Specjalnych. Jednym z nich by\u0142 temat <em><strong>&#8222;Be a fan of Special Olympics! Wolontariat jako forma samorealizacji oraz pomocy osobom niepe\u0142nosprawnym &nbsp;intelektualnie (w aspekcie pracy z pacjentem niepe\u0142nosprawnym)&#8221;<\/strong><\/em>&nbsp;wyg\u0142oszony 7.01.2012r. podczas Og\u00f3lnopolskiej Konferencji Szkoleniowo-Naukowej Dental Cocktail Lodz.<\/p>\n<\/div><\/div>\n","protected":false},"excerpt":{"rendered":"<p>Lubi\u0119 dzieli\u0107 si\u0119 swoim do\u015bwiadczeniem w trakcie wyk\u0142ad\u00f3w i warsztat\u00f3w. &hellip; <\/p>\n","protected":false},"author":1,"featured_media":0,"parent":0,"menu_order":0,"comment_status":"open","ping_status":"open","template":"","meta":{"footnotes":""},"class_list":["post-119","page","type-page","status-publish","hentry"],"_links":{"self":[{"href":"https:\/\/dr-kaja.pl\/index.php?rest_route=\/wp\/v2\/pages\/119","targetHints":{"allow":["GET"]}}],"collection":[{"href":"https:\/\/dr-kaja.pl\/index.php?rest_route=\/wp\/v2\/pages"}],"about":[{"href":"https:\/\/dr-kaja.pl\/index.php?rest_route=\/wp\/v2\/types\/page"}],"author":[{"embeddable":true,"href":"https:\/\/dr-kaja.pl\/index.php?rest_route=\/wp\/v2\/users\/1"}],"replies":[{"embeddable":true,"href":"https:\/\/dr-kaja.pl\/index.php?rest_route=%2Fwp%2Fv2%2Fcomments&post=119"}],"version-history":[{"count":44,"href":"https:\/\/dr-kaja.pl\/index.php?rest_route=\/wp\/v2\/pages\/119\/revisions"}],"predecessor-version":[{"id":1060,"href":"https:\/\/dr-kaja.pl\/index.php?rest_route=\/wp\/v2\/pages\/119\/revisions\/1060"}],"wp:attachment":[{"href":"https:\/\/dr-kaja.pl\/index.php?rest_route=%2Fwp%2Fv2%2Fmedia&parent=119"}],"curies":[{"name":"wp","href":"https:\/\/api.w.org\/{rel}","templated":true}]}}