{"id":10,"date":"2014-02-16T19:37:05","date_gmt":"2014-02-16T19:37:05","guid":{"rendered":"http:\/\/dr-kaja.nazwa.pl\/instalator\/wordpress\/?page_id=10"},"modified":"2024-03-17T08:41:09","modified_gmt":"2024-03-17T08:41:09","slug":"oiimpiady-specjalne","status":"publish","type":"page","link":"https:\/\/dr-kaja.pl\/?page_id=10","title":{"rendered":"Olimpiady Specjalne"},"content":{"rendered":"<p><a href=\"http:\/\/dr-kaja.pl\/wp-content\/uploads\/2014\/02\/IMG_2252.jpg\"><img loading=\"lazy\" decoding=\"async\" class=\"alignleft wp-image-62 \" src=\"http:\/\/dr-kaja.pl\/wp-content\/uploads\/2014\/02\/IMG_2252-300x225.jpg\" alt=\"IMG_2252\" width=\"300\" height=\"225\" srcset=\"https:\/\/dr-kaja.pl\/wp-content\/uploads\/2014\/02\/IMG_2252-300x225.jpg 300w, https:\/\/dr-kaja.pl\/wp-content\/uploads\/2014\/02\/IMG_2252-624x467.jpg 624w, https:\/\/dr-kaja.pl\/wp-content\/uploads\/2014\/02\/IMG_2252.jpg 816w\" sizes=\"auto, (max-width: 300px) 100vw, 300px\" \/><\/a>Z mi\u0119dzynarodow\u0105 organizacj\u0105\u00a0<b>Olimpiady\u00a0<\/b><b>Specjalne<\/b>, utworzon\u0105 przez\u00a0<b>Eunice Kennedy Shriver<\/b><strong>,<\/strong>\u00a0jestem zwi\u0105zana jako wolontariusz od 2003\u00a0roku.<\/p>\n<p>Wraz z innymi wolontariuszami, \u00a0g\u0142\u00f3wnie studentami stomatologii oraz sta\u017cystami i lekarzami dentystami, tworzymy pr\u0119\u017cnie dzia\u0142aj\u0105c\u0105 grup\u0119, ukierunkowan\u0105 na prac\u0119 z\u00a0<b>osobami niepe\u0142nosprawnymi intelektualnie<\/b>.\u00a0Kilka razy w roku, w r\u00f3\u017cnych miastach Polski, przeprowadzamy badania maj\u0105ce na celu ocen\u0119 stanu uz\u0119bienia oraz higieny jamy ustnej zawodnik\u00f3w Olimpiad Specjalnych.<\/p>\n<p>Projekt \u201eZdrowy U\u015bmiech\u201d zapewnia sportowcom Olimpiad Specjalnych pomoc w dost\u0119pie\u00a0do opieki stomatologicznej oraz umo\u017cliwia poznanie zasad profilaktyki stomatologicznej. Wsp\u00f3\u0142pracuj\u0105cy z nami studenci, higienistki\u00a0i lekarze denty\u015bci mog\u0105 naby\u0107 dodatkowe do\u015bwiadczenia w pracy z osobami\u00a0z niepe\u0142nosprawno\u015bci\u0105 intelektualn\u0105.<\/p>\n<p><img loading=\"lazy\" decoding=\"async\" class=\"wp-image-60 size-thumbnail aligncenter\" src=\"http:\/\/dr-kaja.pl\/wp-content\/uploads\/2014\/02\/healthy-athletes-certificate-of-appreciation-150x150.jpg\" alt=\"healthy athletes - certificate of appreciation\" width=\"150\" height=\"150\" \/>W 2008 roku, w Belgii przesz\u0142am szkolenie\u00a0w trakcie Narodowych Igrzysk Olimpiad Specjalnych w Kortrijk. Moim nauczycielem\u00a0i przewodnikiem by\u0142 <strong>P<\/strong><strong>rof. Luc Marks<\/strong>, z kt\u00f3rym wsp\u00f3\u0142pracuj\u0119 nad udoskonalaniem projektu Special Smiles pe\u0142ni\u0105c funkcj\u0119 Narodowego Koordynatora Klinicznego Projektu \u201eZdrowy U\u015bmiech\u201d Olimpiady Specjalne Polska.<\/p>\n<p><img loading=\"lazy\" decoding=\"async\" class=\"wp-image-61 size-thumbnail aligncenter\" src=\"http:\/\/dr-kaja.pl\/wp-content\/uploads\/2014\/02\/special-smiles-certificate-of-appreciation-150x150.jpg\" alt=\"special smiles - certificate of appreciation\" width=\"150\" height=\"150\" \/><\/p>\n<p style=\"text-align: left;\">W 2012 roku po odbyciu szkolenia w Gallaudet University,Washington, DC otrzyma\u0142am\u00a0uprawnienia do pe\u0142nienia funkcji<br \/>\nEuropejskiego Doradcy Projektu \u201eZdrowy U\u015bmiech\u201d Olimpiady Specjalne<\/p>\n<p>W latach 2015 &#8211; 2018 roku Olimpiady Specjalne Polska realizowa\u0142am Kampani\u0119 &#8222;Zdrowa Spo\u0142eczno\u015b\u0107 Olimpiad Specjalnych&#8221;, w kt\u00f3rej pe\u0142ni\u0119 funkcj\u0119 <strong>Doradcy ds. stomatologii<\/strong>. \u00a0Jednym z moich dzia\u0142a\u0144 by\u0142o tworzenie sieci gabinet\u00f3w stomatologicznych, kt\u00f3re dba\u0142y o zdrowie naszych Zawodnik\u00f3w.<\/p>\n<p><a href=\"http:\/\/dr-kaja.pl\/wp-content\/uploads\/2014\/02\/15178136_1364593006884707_4172415906671529956_n.jpg\"><img loading=\"lazy\" decoding=\"async\" class=\"size-medium wp-image-527 aligncenter\" src=\"http:\/\/dr-kaja.pl\/wp-content\/uploads\/2014\/02\/15178136_1364593006884707_4172415906671529956_n-192x300.jpg\" alt=\"15178136_1364593006884707_4172415906671529956_n\" width=\"192\" height=\"300\" srcset=\"https:\/\/dr-kaja.pl\/wp-content\/uploads\/2014\/02\/15178136_1364593006884707_4172415906671529956_n-192x300.jpg 192w, https:\/\/dr-kaja.pl\/wp-content\/uploads\/2014\/02\/15178136_1364593006884707_4172415906671529956_n.jpg 542w\" sizes=\"auto, (max-width: 192px) 100vw, 192px\" \/><\/a><a href=\"http:\/\/dr-kaja.pl\/wp-content\/uploads\/2014\/02\/k.wichrowska.jpg\"><img loading=\"lazy\" decoding=\"async\" class=\"size-medium wp-image-467 aligncenter\" src=\"http:\/\/dr-kaja.pl\/wp-content\/uploads\/2014\/02\/k.wichrowska-300x212.jpg\" alt=\"k.wichrowska\" width=\"300\" height=\"212\" srcset=\"https:\/\/dr-kaja.pl\/wp-content\/uploads\/2014\/02\/k.wichrowska-300x212.jpg 300w, https:\/\/dr-kaja.pl\/wp-content\/uploads\/2014\/02\/k.wichrowska-768x543.jpg 768w, https:\/\/dr-kaja.pl\/wp-content\/uploads\/2014\/02\/k.wichrowska-624x441.jpg 624w, https:\/\/dr-kaja.pl\/wp-content\/uploads\/2014\/02\/k.wichrowska.jpg 900w\" sizes=\"auto, (max-width: 300px) 100vw, 300px\" \/><\/a><\/p>\n<p>22 listopada 2016 roku\u00a0zosta\u0142am wyr\u00f3\u017cniona przez Olimpiady Specjalne Polska nagrod\u0105 <strong>GOLISANO HEALTH LEADERSHIP 2016<\/strong>.<\/p>\n<p><a href=\"http:\/\/dr-kaja.pl\/wp-content\/uploads\/2014\/02\/15095078_1364592986884709_4005576211691023287_n.png\"><img loading=\"lazy\" decoding=\"async\" class=\"wp-image-526 size-medium aligncenter\" src=\"http:\/\/dr-kaja.pl\/wp-content\/uploads\/2014\/02\/15095078_1364592986884709_4005576211691023287_n-300x212.png\" alt=\"15095078_1364592986884709_4005576211691023287_n\" width=\"300\" height=\"212\" srcset=\"https:\/\/dr-kaja.pl\/wp-content\/uploads\/2014\/02\/15095078_1364592986884709_4005576211691023287_n-300x212.png 300w, https:\/\/dr-kaja.pl\/wp-content\/uploads\/2014\/02\/15095078_1364592986884709_4005576211691023287_n-768x542.png 768w, https:\/\/dr-kaja.pl\/wp-content\/uploads\/2014\/02\/15095078_1364592986884709_4005576211691023287_n-624x441.png 624w, https:\/\/dr-kaja.pl\/wp-content\/uploads\/2014\/02\/15095078_1364592986884709_4005576211691023287_n.png 960w\" sizes=\"auto, (max-width: 300px) 100vw, 300px\" \/><\/a><\/p>\n<p>Zapraszam do lektury wywiad\u00f3w, w kt\u00f3rych dziel\u0119 si\u0119 z Pa\u0144stwem informacjami o dzia\u0142alno\u015bci projektu <strong><a href=\"http:\/\/dentonet.pl\/w-trosce-o-zdrowy-usmiech-zawodnikow-olimpiad-specjalnych\/\">&#8222;Zdrowy U\u015bmiech&#8221;<\/a>\u00a0<\/strong>oraz leczeniu os\u00f3b niepe\u0142nosprawnych intelektualnie. Gor\u0105co polecam materia\u0142\u00a0<strong><a href=\"https:\/\/podyplomie.pl\/stomatologia\/18219,schowajmy-dume-do-fartucha\">&#8222;Schowajmy dum\u0119 do fartucha&#8221;<\/a>, <\/strong>kt\u00f3ry w formie wywiadu ukaza\u0142 si\u0119 w numerze 04\/2015 w czasopi\u015bmie\u00a0&#8222;Medical Tribune Stomatologia&#8221;.<\/p>\n","protected":false},"excerpt":{"rendered":"<p>Z mi\u0119dzynarodow\u0105 organizacj\u0105\u00a0Olimpiady\u00a0Specjalne, utworzon\u0105 przez\u00a0Eunice Kennedy Shriver,\u00a0jestem zwi\u0105zana jako wolontariusz &hellip; <\/p>\n","protected":false},"author":1,"featured_media":0,"parent":0,"menu_order":0,"comment_status":"open","ping_status":"open","template":"","meta":{"footnotes":""},"class_list":["post-10","page","type-page","status-publish","hentry"],"_links":{"self":[{"href":"https:\/\/dr-kaja.pl\/index.php?rest_route=\/wp\/v2\/pages\/10","targetHints":{"allow":["GET"]}}],"collection":[{"href":"https:\/\/dr-kaja.pl\/index.php?rest_route=\/wp\/v2\/pages"}],"about":[{"href":"https:\/\/dr-kaja.pl\/index.php?rest_route=\/wp\/v2\/types\/page"}],"author":[{"embeddable":true,"href":"https:\/\/dr-kaja.pl\/index.php?rest_route=\/wp\/v2\/users\/1"}],"replies":[{"embeddable":true,"href":"https:\/\/dr-kaja.pl\/index.php?rest_route=%2Fwp%2Fv2%2Fcomments&post=10"}],"version-history":[{"count":43,"href":"https:\/\/dr-kaja.pl\/index.php?rest_route=\/wp\/v2\/pages\/10\/revisions"}],"predecessor-version":[{"id":1082,"href":"https:\/\/dr-kaja.pl\/index.php?rest_route=\/wp\/v2\/pages\/10\/revisions\/1082"}],"wp:attachment":[{"href":"https:\/\/dr-kaja.pl\/index.php?rest_route=%2Fwp%2Fv2%2Fmedia&parent=10"}],"curies":[{"name":"wp","href":"https:\/\/api.w.org\/{rel}","templated":true}]}}